{"id":253,"date":"2022-12-22T15:27:13","date_gmt":"2022-12-22T15:27:13","guid":{"rendered":"https:\/\/verocelimes.hu\/?page_id=253"},"modified":"2024-02-28T08:26:33","modified_gmt":"2024-02-28T08:26:33","slug":"fedezzuk-fel-veroce-romai-multjat-keso-romai-kikotoerod-a-duna-partjan","status":"publish","type":"page","link":"https:\/\/verocelimes.hu\/de\/fedezzuk-fel-veroce-romai-multjat-keso-romai-kikotoerod-a-duna-partjan\/","title":{"rendered":"Limetten"},"content":{"rendered":"<div id=\"vl-banner\"  data-column-margin=\"default\" data-midnight=\"dark\"  class=\"wpb_row vc_row-fluid vc_row full-width-section\"  style=\"padding-top: 0px; padding-bottom: 0px; \"><div class=\"row-bg-wrap\" data-bg-animation=\"none\" data-bg-overlay=\"false\"><div class=\"inner-wrap using-image\"><div class=\"row-bg viewport-desktop using-image\"  style=\"background-image: url(https:\/\/verocelimes.hu\/wp-content\/uploads\/2022\/03\/banner.jpg); background-position: center center; background-repeat: no-repeat; \"><\/div><\/div><\/div><div class=\"row_col_wrap_12 col span_12 dark left\">\n\t<div  class=\"vc_col-sm-12 wpb_column column_container vc_column_container col no-extra-padding inherit_tablet inherit_phone\"  data-padding-pos=\"all\" data-has-bg-color=\"false\" data-bg-color=\"\" data-bg-opacity=\"1\" data-animation=\"\" data-delay=\"0\" >\n\t\t<div class=\"vc_column-inner\" >\n\t\t\t<div class=\"wpb_wrapper\">\n\t\t\t\t<div id=\"vl-hide\" data-midnight=\"\" data-column-margin=\"default\" class=\"wpb_row vc_row-fluid vc_row inner_row  vc_custom_1702236218064\"  style=\"\"><div class=\"row-bg-wrap\"> <div class=\"row-bg\" ><\/div> <\/div><div class=\"row_col_wrap_12_inner col span_12  left\">\n\t<div  class=\"vc_col-sm-4 wpb_column column_container vc_column_container col child_column no-extra-padding inherit_tablet inherit_phone\"   data-padding-pos=\"all\" data-has-bg-color=\"false\" data-bg-color=\"\" data-bg-opacity=\"1\" data-animation=\"\" data-delay=\"0\" >\n\t\t<div class=\"vc_column-inner\" ><a class=\"column-link\" target=\"_self\" href=\"https:\/\/verocelimes.hu\/de\/\"><\/a>\n\t\t<div class=\"wpb_wrapper\">\n\t\t\t\n<div class=\"wpb_text_column wpb_content_element  vc_custom_1671736930299 vl-logo\" >\n\t<div class=\"wpb_wrapper\">\n\t\t<p><a href=\"https:\/\/verocelimes.hu\/de\/\"><img loading=\"lazy\" decoding=\"async\" class=\"alignnone size-full wp-image-188\" src=\"http:\/\/verocelimes.hu\/wp-content\/uploads\/2022\/04\/logo.jpg\" alt=\"\" width=\"113\" height=\"63\" \/><\/a><\/p>\n<p><span id=\"vl-logo-title\">Das Erbe des Limes<\/span><span id=\"vl-logo-subtitle\">Solva 38 R\u00f6mischer Wachturm<\/span><\/p>\n\t<\/div>\n<\/div>\n\n\n\n\n\t\t<\/div> \n\t<\/div>\n\t<\/div> \n\n\t<div  class=\"vc_col-sm-8 wpb_column column_container vc_column_container col child_column no-extra-padding inherit_tablet inherit_phone\"   data-padding-pos=\"all\" data-has-bg-color=\"false\" data-bg-color=\"\" data-bg-opacity=\"1\" data-animation=\"\" data-delay=\"0\" >\n\t\t<div class=\"vc_column-inner\" >\n\t\t<div class=\"wpb_wrapper\">\n\t\t\t\n<div class=\"wpb_text_column wpb_content_element  vl-top-menu\" >\n\t<div class=\"wpb_wrapper\">\n\t\t<p><a href=\"https:\/\/verocelimes.hu\/de\/fedezzuk-fel-veroce-romai-multjat-keso-romai-kikotoerod-a-duna-partjan\/\">LIMES<\/a> <a href=\"https:\/\/verocelimes.hu\/de\/vissza-a-romai-korba-setany-es-tanosveny-a-diofak-alatt\/\">Spielplatz und Promenade<\/a> <a href=\"https:\/\/verocelimes.hu\/de\/ismerjuk-meg-a-duna-kanyar-romai-hatarvedelmet-kiallitas-a-regi-trafohazban\/\">Ausstellung<\/a> <a href=\"https:\/\/verocelimes.hu\/de\/megkozelites\/\">Ansatz<\/a> <a href=\"https:\/\/verocelimes.hu\/de\/limes-halozat\/\">Limesnetz<\/a><\/p>\n\t<\/div>\n<\/div>\n\n\n\n\n\t\t<\/div> \n\t<\/div>\n\t<\/div> \n<\/div><\/div>\n\t\t\t<\/div> \n\t\t<\/div>\n\t<\/div> \n<\/div><\/div>\n\t\t<div id=\"fws_69dae288f2b77\"  data-column-margin=\"default\" data-midnight=\"dark\"  class=\"wpb_row vc_row-fluid vc_row\"  style=\"padding-top: 0px; padding-bottom: 0px; \"><div class=\"row-bg-wrap\" data-bg-animation=\"none\" data-bg-overlay=\"false\"><div class=\"inner-wrap\"><div class=\"row-bg viewport-desktop\"  style=\"\"><\/div><\/div><\/div><div class=\"row_col_wrap_12 col span_12 dark left\">\n\t<div style=\"margin-top: 30px; \" class=\"vc_col-sm-12 wpb_column column_container vc_column_container col no-extra-padding inherit_tablet inherit_phone\"  data-padding-pos=\"all\" data-has-bg-color=\"false\" data-bg-color=\"\" data-bg-opacity=\"1\" data-animation=\"\" data-delay=\"0\" >\n\t\t<div class=\"vc_column-inner\" >\n\t\t\t<div class=\"wpb_wrapper\">\n\t\t\t\t<div id=\"fws_69dae288f3342\" data-midnight=\"\" data-column-margin=\"default\" class=\"wpb_row vc_row-fluid vc_row inner_row\"  style=\"\"><div class=\"row-bg-wrap\"> <div class=\"row-bg\" ><\/div> <\/div><div class=\"row_col_wrap_12_inner col span_12  left\">\n\t<div  class=\"vc_col-sm-6 wpb_column column_container vc_column_container col child_column no-extra-padding inherit_tablet inherit_phone\"   data-padding-pos=\"all\" data-has-bg-color=\"false\" data-bg-color=\"\" data-bg-opacity=\"1\" data-animation=\"\" data-delay=\"0\" >\n\t\t<div class=\"vc_column-inner\" >\n\t\t<div class=\"wpb_wrapper\">\n\t\t\t\n<div class=\"wpb_text_column wpb_content_element\" >\n\t<div class=\"wpb_wrapper\">\n\t\t<h3>Entdecken wir die r\u00f6mische Vergangenheit von Ver\u0151ce! Sp\u00e4tr\u00f6mische Hafenfestung am Ufer der Donau<\/h3>\n<p>Den Standort der Hafenfestung markiert ein mit modernen architektonischen Mitteln gestalteter Turmbau auf der s\u00fcdlichen, donauseitigen Seite der Route 2. Dieser weithin sichtbare Turm mit Metallrahmen wurde \u00fcber dem nord\u00f6stlichen Eckturm der Hafenfestung errichtet und erinnert an dessen Massivit\u00e4t. Allerdings d\u00fcrfte die H\u00f6he der Eckt\u00fcrme des r\u00f6mischen Kastells etwa doppelt so hoch gewesen sein wie die eigentliche Bauh\u00f6he.<br \/>\nDie Hafenfestung Ver\u0151ce bestand aus einem rechteckigen, mehrst\u00f6ckigen Mittelturm, der von einer hohen Mauer umgeben und durch einen geschlossenen, mit vier Eckt\u00fcrmen befestigten Innenhof mit dem Donauufer verbunden war. Auf der Donauseite der kleinen Festung wurde im Schutz der Mauern und T\u00fcrme eine aus Holzbalken gemauerte Anlegestelle errichtet, an der Flusskriegsschiffe anlegen konnten.<\/p>\n<p>Die Hafenfestung wurde \u2013 zusammen mit mehreren anderen (Szob, Tahit\u00f3tfalu, Dunakeszi) \u2013 w\u00e4hrend der Herrschaft von Kaiser Valentinian I. im 1. Jahrhundert n. Chr. erbaut. Es wurde Anfang der 370er Jahre erbaut. Der Kaiser wollte die Donau zu einem Fluss machen, der vollst\u00e4ndig der r\u00f6mischen Armee untersteht und lie\u00df daher am linken Donauufer befestigte H\u00e4fen errichten. Diese kleinen Festungen kontrollierten auch die Donau\u00fcberg\u00e4nge und erm\u00f6glichten der Armee in Kriegszeiten eine schnelle und sichere \u00dcberquerung.<\/p>\n<p>Die arch\u00e4ologisch ausgegrabenen und restaurierten Mauern der Hafenfestung Ver\u0151ce demonstrieren auf spektakul\u00e4re Weise die milit\u00e4rische Macht der Armee und Flotte des R\u00f6mischen Reiches, die die Errichtung von Au\u00dfenposten und befestigten H\u00e4fen au\u00dferhalb der Reichsgrenzen am linken Donauufer erm\u00f6glichte.<\/p>\n<p>Wenn man von der Hafenfestung hin\u00fcber zur Szentendre-Insel blickt, lohnt es sich, das wunderbare Donaupanorama der Region zu bewundern. Dieses Bild unterscheidet sich nicht wesentlich von dem Anblick, der sich den Wache diensthabenden Soldaten der Hafenfestung Ver\u0151ce bot, als sie \u00fcber die Donau auf die kaiserliche Seite blickten.<\/p>\n\t<\/div>\n<\/div>\n\n\n\n\n\t\t<\/div> \n\t<\/div>\n\t<\/div> \n\n\t<div  class=\"vc_col-sm-6 wpb_column column_container vc_column_container col child_column no-extra-padding inherit_tablet inherit_phone\"   data-padding-pos=\"all\" data-has-bg-color=\"false\" data-bg-color=\"\" data-bg-opacity=\"1\" data-animation=\"\" data-delay=\"0\" >\n\t\t<div class=\"vc_column-inner\" >\n\t\t<div class=\"wpb_wrapper\">\n\t\t\t<div class=\"img-with-aniamtion-wrap\" data-max-width=\"100%\" data-max-width-mobile=\"default\" data-shadow=\"none\" data-animation=\"fade-in\" >\n      <div class=\"inner\">\n        <div class=\"hover-wrap\"> \n          <div class=\"hover-wrap-inner\">\n            <img loading=\"lazy\" decoding=\"async\" class=\"img-with-animation skip-lazy\" data-delay=\"0\" height=\"900\" width=\"1500\" data-animation=\"fade-in\" src=\"https:\/\/verocelimes.hu\/wp-content\/uploads\/2023\/11\/verocelimes-001.jpg\" alt=\"\" srcset=\"https:\/\/verocelimes.hu\/wp-content\/uploads\/2023\/11\/verocelimes-001.jpg 1500w, https:\/\/verocelimes.hu\/wp-content\/uploads\/2023\/11\/verocelimes-001-300x180.jpg 300w, https:\/\/verocelimes.hu\/wp-content\/uploads\/2023\/11\/verocelimes-001-1024x614.jpg 1024w, https:\/\/verocelimes.hu\/wp-content\/uploads\/2023\/11\/verocelimes-001-768x461.jpg 768w\" sizes=\"auto, (max-width: 1500px) 100vw, 1500px\" \/>\n          <\/div>\n        <\/div>\n      <\/div>\n    <\/div>\n\t\t<\/div> \n\t<\/div>\n\t<\/div> \n<\/div><\/div>\n\t\t\t<\/div> \n\t\t<\/div>\n\t<\/div> \n<\/div><\/div>\n\t\t<div id=\"fws_69dae289002fd\"  data-column-margin=\"default\" data-midnight=\"dark\"  class=\"wpb_row vc_row-fluid vc_row full-width-content vc_row-o-equal-height vc_row-flex vc_row-o-content-top\"  style=\"padding-top: 0px; padding-bottom: 0px; \"><div class=\"row-bg-wrap\" data-bg-animation=\"none\" data-bg-overlay=\"false\"><div class=\"inner-wrap\"><div class=\"row-bg viewport-desktop using-bg-color\"  style=\"background-color: #363636; \"><\/div><\/div><\/div><div class=\"row_col_wrap_12 col span_12 dark left\">\n\t<div  class=\"vc_col-sm-3 wpb_column column_container vc_column_container col no-extra-padding inherit_tablet inherit_phone\"  data-padding-pos=\"all\" data-has-bg-color=\"false\" data-bg-color=\"\" data-bg-opacity=\"1\" data-animation=\"\" data-delay=\"0\" >\n\t\t<div class=\"vc_column-inner\" >\n\t\t\t<div class=\"wpb_wrapper\">\n\t\t\t\t\n\t\t\t<\/div> \n\t\t<\/div>\n\t<\/div> \n\n\t<div  class=\"vc_col-sm-3 wpb_column column_container vc_column_container col no-extra-padding inherit_tablet inherit_phone\"  data-padding-pos=\"all\" data-has-bg-color=\"false\" data-bg-color=\"\" data-bg-opacity=\"1\" data-animation=\"\" data-delay=\"0\" >\n\t\t<div class=\"vc_column-inner\" >\n\t\t\t<div class=\"wpb_wrapper\">\n\t\t\t\t\n<div class=\"wpb_text_column wpb_content_element  vc_custom_1709108791137 vl-footer-links\" >\n\t<div class=\"wpb_wrapper\">\n\t\t<p><a href=\"https:\/\/verocelimes.hu\/de\/fedezzuk-fel-veroce-romai-multjat-keso-romai-kikotoerod-a-duna-partjan\/\">Limetten<\/a><br \/>\n<a href=\"https:\/\/verocelimes.hu\/de\/vissza-a-romai-korba-setany-es-tanosveny-a-diofak-alatt\/\">Spielplatz und Promenade<\/a><br \/>\n<a href=\"https:\/\/verocelimes.hu\/de\/ismerjuk-meg-a-duna-kanyar-romai-hatarvedelmet-kiallitas-a-regi-trafohazban\/\">Ausstellung<\/a><br \/>\n<a href=\"https:\/\/verocelimes.hu\/de\/megkozelites\/\">Ansatz<\/a><br \/>\n<a href=\"https:\/\/verocelimes.hu\/de\/limes-halozat\/\">Limesnetz<\/a><br \/>\n<a href=\"https:\/\/verocelimes.hu\/de\/adatkezelesi-tajekoztato\/\">Informationen zur Datenverarbeitung<\/a><\/p>\n\t<\/div>\n<\/div>\n\n\n\n\n\t\t\t<\/div> \n\t\t<\/div>\n\t<\/div> \n\n\t<div  class=\"vc_col-sm-3 wpb_column column_container vc_column_container col no-extra-padding inherit_tablet inherit_phone\"  data-padding-pos=\"all\" data-has-bg-color=\"false\" data-bg-color=\"\" data-bg-opacity=\"1\" data-animation=\"\" data-delay=\"0\" >\n\t\t<div class=\"vc_column-inner\" >\n\t\t\t<div class=\"wpb_wrapper\">\n\t\t\t\t\n\t\t\t<\/div> \n\t\t<\/div>\n\t<\/div> \n\n\t<div  class=\"vc_col-sm-3 wpb_column column_container vc_column_container col no-extra-padding inherit_tablet inherit_phone\"  data-padding-pos=\"all\" data-has-bg-color=\"false\" data-bg-color=\"\" data-bg-opacity=\"1\" data-animation=\"\" data-delay=\"0\" >\n\t\t<div class=\"vc_column-inner\" >\n\t\t\t<div class=\"wpb_wrapper\">\n\t\t\t\t\n<div class=\"wpb_text_column wpb_content_element  vc_custom_1648994755287 vl-footer-copyright\" >\n\t<div class=\"wpb_wrapper\">\n\t\t<p>Limes-Erbe<\/p>\n\t<\/div>\n<\/div>\n\n\n\n\n\t\t\t<\/div> \n\t\t<\/div>\n\t<\/div> \n<\/div><\/div>","protected":false},"excerpt":{"rendered":"LimeskulturerbeSolva 38 R\u00f6mischer Wachturm LIMES Spielplatz und Promenade Ausstellung Anreise Limesnetzwerk Entdecken wir die r\u00f6mische Vergangenheit von Ver\u0151ce! Sp\u00e4tr\u00f6misches Hafenkastell an der Donau Der Standort des Hafenkastells ist...","protected":false},"author":1,"featured_media":0,"parent":0,"menu_order":0,"comment_status":"closed","ping_status":"closed","template":"","meta":{"footnotes":""},"class_list":["post-253","page","type-page","status-publish"],"_links":{"self":[{"href":"https:\/\/verocelimes.hu\/de\/wp-json\/wp\/v2\/pages\/253","targetHints":{"allow":["GET"]}}],"collection":[{"href":"https:\/\/verocelimes.hu\/de\/wp-json\/wp\/v2\/pages"}],"about":[{"href":"https:\/\/verocelimes.hu\/de\/wp-json\/wp\/v2\/types\/page"}],"author":[{"embeddable":true,"href":"https:\/\/verocelimes.hu\/de\/wp-json\/wp\/v2\/users\/1"}],"replies":[{"embeddable":true,"href":"https:\/\/verocelimes.hu\/de\/wp-json\/wp\/v2\/comments?post=253"}],"version-history":[{"count":14,"href":"https:\/\/verocelimes.hu\/de\/wp-json\/wp\/v2\/pages\/253\/revisions"}],"predecessor-version":[{"id":557,"href":"https:\/\/verocelimes.hu\/de\/wp-json\/wp\/v2\/pages\/253\/revisions\/557"}],"wp:attachment":[{"href":"https:\/\/verocelimes.hu\/de\/wp-json\/wp\/v2\/media?parent=253"}],"curies":[{"name":"wp","href":"https:\/\/api.w.org\/{rel}","templated":true}]}}