{"id":261,"date":"2022-12-22T16:00:07","date_gmt":"2022-12-22T16:00:07","guid":{"rendered":"https:\/\/verocelimes.hu\/?page_id=261"},"modified":"2024-02-28T08:26:01","modified_gmt":"2024-02-28T08:26:01","slug":"ismerjuk-meg-a-duna-kanyar-romai-hatarvedelmet-kiallitas-a-regi-trafohazban","status":"publish","type":"page","link":"https:\/\/verocelimes.hu\/de\/ismerjuk-meg-a-duna-kanyar-romai-hatarvedelmet-kiallitas-a-regi-trafohazban\/","title":{"rendered":"Ausstellung"},"content":{"rendered":"<div id=\"vl-banner\"  data-column-margin=\"default\" data-midnight=\"dark\"  class=\"wpb_row vc_row-fluid vc_row full-width-section\"  style=\"padding-top: 0px; padding-bottom: 0px; \"><div class=\"row-bg-wrap\" data-bg-animation=\"none\" data-bg-overlay=\"false\"><div class=\"inner-wrap using-image\"><div class=\"row-bg viewport-desktop using-image\"  style=\"background-image: url(https:\/\/verocelimes.hu\/wp-content\/uploads\/2022\/03\/banner.jpg); background-position: center center; background-repeat: no-repeat; \"><\/div><\/div><\/div><div class=\"row_col_wrap_12 col span_12 dark left\">\n\t<div  class=\"vc_col-sm-12 wpb_column column_container vc_column_container col no-extra-padding inherit_tablet inherit_phone\"  data-padding-pos=\"all\" data-has-bg-color=\"false\" data-bg-color=\"\" data-bg-opacity=\"1\" data-animation=\"\" data-delay=\"0\" >\n\t\t<div class=\"vc_column-inner\" >\n\t\t\t<div class=\"wpb_wrapper\">\n\t\t\t\t<div id=\"vl-hide\" data-midnight=\"\" data-column-margin=\"default\" class=\"wpb_row vc_row-fluid vc_row inner_row  vc_custom_1702236064323\"  style=\"\"><div class=\"row-bg-wrap\"> <div class=\"row-bg\" ><\/div> <\/div><div class=\"row_col_wrap_12_inner col span_12  left\">\n\t<div  class=\"vc_col-sm-4 wpb_column column_container vc_column_container col child_column no-extra-padding inherit_tablet inherit_phone\"   data-padding-pos=\"all\" data-has-bg-color=\"false\" data-bg-color=\"\" data-bg-opacity=\"1\" data-animation=\"\" data-delay=\"0\" >\n\t\t<div class=\"vc_column-inner\" ><a class=\"column-link\" target=\"_self\" href=\"https:\/\/verocelimes.hu\/de\/\"><\/a>\n\t\t<div class=\"wpb_wrapper\">\n\t\t\t\n<div class=\"wpb_text_column wpb_content_element  vc_custom_1671737485212 vl-logo\" >\n\t<div class=\"wpb_wrapper\">\n\t\t<p><a href=\"https:\/\/verocelimes.hu\/de\/\"><img loading=\"lazy\" decoding=\"async\" class=\"alignnone size-full wp-image-188\" src=\"http:\/\/verocelimes.hu\/wp-content\/uploads\/2022\/04\/logo.jpg\" alt=\"\" width=\"113\" height=\"63\" \/><\/a><\/p>\n<p><span id=\"vl-logo-title\">Das Erbe des Limes<\/span><span id=\"vl-logo-subtitle\">Solva 38 R\u00f6mischer Wachturm<\/span><\/p>\n\t<\/div>\n<\/div>\n\n\n\n\n\t\t<\/div> \n\t<\/div>\n\t<\/div> \n\n\t<div  class=\"vc_col-sm-8 wpb_column column_container vc_column_container col child_column no-extra-padding inherit_tablet inherit_phone\"   data-padding-pos=\"all\" data-has-bg-color=\"false\" data-bg-color=\"\" data-bg-opacity=\"1\" data-animation=\"\" data-delay=\"0\" >\n\t\t<div class=\"vc_column-inner\" >\n\t\t<div class=\"wpb_wrapper\">\n\t\t\t\n<div class=\"wpb_text_column wpb_content_element  vl-top-menu\" >\n\t<div class=\"wpb_wrapper\">\n\t\t<p><a href=\"https:\/\/verocelimes.hu\/de\/fedezzuk-fel-veroce-romai-multjat-keso-romai-kikotoerod-a-duna-partjan\/\">LIMES<\/a> <a href=\"https:\/\/verocelimes.hu\/de\/vissza-a-romai-korba-setany-es-tanosveny-a-diofak-alatt\/\">Spielplatz und Promenade<\/a> <a href=\"https:\/\/verocelimes.hu\/de\/ismerjuk-meg-a-duna-kanyar-romai-hatarvedelmet-kiallitas-a-regi-trafohazban\/\">Ausstellung<\/a> <a href=\"https:\/\/verocelimes.hu\/de\/megkozelites\/\">Ansatz<\/a> <a href=\"https:\/\/verocelimes.hu\/de\/limes-halozat\/\">Limesnetz<\/a><\/p>\n\t<\/div>\n<\/div>\n\n\n\n\n\t\t<\/div> \n\t<\/div>\n\t<\/div> \n<\/div><\/div>\n\t\t\t<\/div> \n\t\t<\/div>\n\t<\/div> \n<\/div><\/div>\n\t\t<div id=\"fws_69dae27de4f1b\"  data-column-margin=\"default\" data-midnight=\"dark\"  class=\"wpb_row vc_row-fluid vc_row\"  style=\"padding-top: 0px; padding-bottom: 0px; \"><div class=\"row-bg-wrap\" data-bg-animation=\"none\" data-bg-overlay=\"false\"><div class=\"inner-wrap\"><div class=\"row-bg viewport-desktop\"  style=\"\"><\/div><\/div><\/div><div class=\"row_col_wrap_12 col span_12 dark left\">\n\t<div style=\"margin-top: 30px; \" class=\"vc_col-sm-12 wpb_column column_container vc_column_container col no-extra-padding inherit_tablet inherit_phone\"  data-padding-pos=\"all\" data-has-bg-color=\"false\" data-bg-color=\"\" data-bg-opacity=\"1\" data-animation=\"\" data-delay=\"0\" >\n\t\t<div class=\"vc_column-inner\" >\n\t\t\t<div class=\"wpb_wrapper\">\n\t\t\t\t<div id=\"fws_69dae27de5652\" data-midnight=\"\" data-column-margin=\"default\" class=\"wpb_row vc_row-fluid vc_row inner_row\"  style=\"\"><div class=\"row-bg-wrap\"> <div class=\"row-bg\" ><\/div> <\/div><div class=\"row_col_wrap_12_inner col span_12  left\">\n\t<div  class=\"vc_col-sm-6 wpb_column column_container vc_column_container col child_column no-extra-padding inherit_tablet inherit_phone\"   data-padding-pos=\"all\" data-has-bg-color=\"false\" data-bg-color=\"\" data-bg-opacity=\"1\" data-animation=\"\" data-delay=\"0\" >\n\t\t<div class=\"vc_column-inner\" >\n\t\t<div class=\"wpb_wrapper\">\n\t\t\t\n<div class=\"wpb_text_column wpb_content_element\" >\n\t<div class=\"wpb_wrapper\">\n\t\t<h3>Erfahren Sie mehr \u00fcber die r\u00f6mische Grenzverteidigung des Donauknies! Ausstellung im Alten Trafohaus<\/h3>\n<p style=\"font-weight: 400;\">Am Ende der Stra\u00dfe begr\u00fc\u00dfen den zu Fu\u00df, mit dem Fahrrad oder dem Auto anreisenden Besucher nicht nur die Mauerreste des ehemaligen R\u00f6merkastells und einer seiner als Wahrzeichen errichteten Eckt\u00fcrme. Im renovierten alten Transformatorenhaus erwartet die Besucher eine Ausstellung, die sie zu einer spannenden Zeitreise in die Grenzgebiete des R\u00f6mischen Reiches und in die geheimnisvolle antike Vergangenheit von Ver\u0151ce einl\u00e4dt.<\/p>\n<p style=\"font-weight: 400;\">Besucher k\u00f6nnen durch die Ausstellung etwas \u00fcber das Verteidigungssystem des Donauknies und die spannende Geschichte der Entdeckung und Erforschung der Hafenfestung Ver\u0151ce erfahren. Spektakul\u00e4re 3D-Grafiken und Rekonstruktionen helfen dabei, sich das fr\u00fchere Aussehen der kleinen Festung vorzustellen, von der heute gr\u00f6\u00dftenteils nur noch die Grundmauern erhalten sind. In der Ausstellung sind auch Kopien bedeutender Funde arch\u00e4ologischer Forschungen zu sehen. Darunter fallen ein bronzenes Ausgleichsgewicht mit der Darstellung eines doppelten menschlichen Gesichts, eine geschnitzte Bronzelampe und ein Knochenkamm auf. Ein Glasgef\u00e4\u00df aus dem alten Syrien enthielt einst ein teures Parf\u00fcm, das im Donauraum als wahrer Luxusartikel galt. Zu den Funden z\u00e4hlen unter anderem Gebrauchsgegenst\u00e4nde und Kleidungsst\u00fccke der einheimischen Germanen, die auf das lebhafte Beziehungssystem zwischen den R\u00f6mern und den Nachbarv\u00f6lkern hinweisen, das die Grenzgebiete des R\u00f6mischen Reiches sowohl in Friedens- als auch in Kriegszeiten kennzeichnete. Die ausgestellten Objekte, Tableaus und Rekonstruktionen f\u00fchren den Besucher in den alles andere als harmlosen Alltag der vorgeschobenen Garnison der Hafenfestung Ver\u0151ce.<\/p>\n\t<\/div>\n<\/div>\n\n\n\n\n\t\t<\/div> \n\t<\/div>\n\t<\/div> \n\n\t<div  class=\"vc_col-sm-6 wpb_column column_container vc_column_container col child_column no-extra-padding inherit_tablet inherit_phone\"   data-padding-pos=\"all\" data-has-bg-color=\"false\" data-bg-color=\"\" data-bg-opacity=\"1\" data-animation=\"\" data-delay=\"0\" >\n\t\t<div class=\"vc_column-inner\" >\n\t\t<div class=\"wpb_wrapper\">\n\t\t\t<div class=\"img-with-aniamtion-wrap\" data-max-width=\"100%\" data-max-width-mobile=\"default\" data-shadow=\"none\" data-animation=\"fade-in\" >\n      <div class=\"inner\">\n        <div class=\"hover-wrap\"> \n          <div class=\"hover-wrap-inner\">\n            <img loading=\"lazy\" decoding=\"async\" class=\"img-with-animation skip-lazy\" data-delay=\"0\" height=\"765\" width=\"2026\" data-animation=\"fade-in\" src=\"https:\/\/verocelimes.hu\/wp-content\/uploads\/2023\/11\/verocelimes-005.jpg\" alt=\"\" srcset=\"https:\/\/verocelimes.hu\/wp-content\/uploads\/2023\/11\/verocelimes-005.jpg 2026w, https:\/\/verocelimes.hu\/wp-content\/uploads\/2023\/11\/verocelimes-005-300x113.jpg 300w, https:\/\/verocelimes.hu\/wp-content\/uploads\/2023\/11\/verocelimes-005-1024x387.jpg 1024w, https:\/\/verocelimes.hu\/wp-content\/uploads\/2023\/11\/verocelimes-005-768x290.jpg 768w, https:\/\/verocelimes.hu\/wp-content\/uploads\/2023\/11\/verocelimes-005-1536x580.jpg 1536w\" sizes=\"auto, (max-width: 2026px) 100vw, 2026px\" \/>\n          <\/div>\n        <\/div>\n      <\/div>\n    <\/div>\n\t\t<\/div> \n\t<\/div>\n\t<\/div> \n<\/div><\/div>\n\t\t\t<\/div> \n\t\t<\/div>\n\t<\/div> \n<\/div><\/div>\n\t\t<div id=\"fws_69dae27de683b\"  data-column-margin=\"default\" data-midnight=\"dark\"  class=\"wpb_row vc_row-fluid vc_row full-width-content vc_row-o-equal-height vc_row-flex vc_row-o-content-top\"  style=\"padding-top: 0px; padding-bottom: 0px; \"><div class=\"row-bg-wrap\" data-bg-animation=\"none\" data-bg-overlay=\"false\"><div class=\"inner-wrap\"><div class=\"row-bg viewport-desktop using-bg-color\"  style=\"background-color: #363636; \"><\/div><\/div><\/div><div class=\"row_col_wrap_12 col span_12 dark left\">\n\t<div  class=\"vc_col-sm-3 wpb_column column_container vc_column_container col no-extra-padding inherit_tablet inherit_phone\"  data-padding-pos=\"all\" data-has-bg-color=\"false\" data-bg-color=\"\" data-bg-opacity=\"1\" data-animation=\"\" data-delay=\"0\" >\n\t\t<div class=\"vc_column-inner\" >\n\t\t\t<div class=\"wpb_wrapper\">\n\t\t\t\t\n\t\t\t<\/div> \n\t\t<\/div>\n\t<\/div> \n\n\t<div  class=\"vc_col-sm-3 wpb_column column_container vc_column_container col no-extra-padding inherit_tablet inherit_phone\"  data-padding-pos=\"all\" data-has-bg-color=\"false\" data-bg-color=\"\" data-bg-opacity=\"1\" data-animation=\"\" data-delay=\"0\" >\n\t\t<div class=\"vc_column-inner\" >\n\t\t\t<div class=\"wpb_wrapper\">\n\t\t\t\t\n<div class=\"wpb_text_column wpb_content_element  vc_custom_1709108758657 vl-footer-links\" >\n\t<div class=\"wpb_wrapper\">\n\t\t<p><a href=\"https:\/\/verocelimes.hu\/de\/fedezzuk-fel-veroce-romai-multjat-keso-romai-kikotoerod-a-duna-partjan\/\">Limetten<\/a><br \/>\n<a href=\"https:\/\/verocelimes.hu\/de\/vissza-a-romai-korba-setany-es-tanosveny-a-diofak-alatt\/\">Spielplatz und Promenade<\/a><br \/>\n<a href=\"https:\/\/verocelimes.hu\/de\/ismerjuk-meg-a-duna-kanyar-romai-hatarvedelmet-kiallitas-a-regi-trafohazban\/\">Ausstellung<\/a><br \/>\n<a href=\"https:\/\/verocelimes.hu\/de\/megkozelites\/\">Ansatz<\/a><br \/>\n<a href=\"https:\/\/verocelimes.hu\/de\/limes-halozat\/\">Limesnetz<\/a><br \/>\n<a href=\"https:\/\/verocelimes.hu\/de\/adatkezelesi-tajekoztato\/\">Informationen zur Datenverarbeitung<\/a><\/p>\n\t<\/div>\n<\/div>\n\n\n\n\n\t\t\t<\/div> \n\t\t<\/div>\n\t<\/div> \n\n\t<div  class=\"vc_col-sm-3 wpb_column column_container vc_column_container col no-extra-padding inherit_tablet inherit_phone\"  data-padding-pos=\"all\" data-has-bg-color=\"false\" data-bg-color=\"\" data-bg-opacity=\"1\" data-animation=\"\" data-delay=\"0\" >\n\t\t<div class=\"vc_column-inner\" >\n\t\t\t<div class=\"wpb_wrapper\">\n\t\t\t\t\n\t\t\t<\/div> \n\t\t<\/div>\n\t<\/div> \n\n\t<div  class=\"vc_col-sm-3 wpb_column column_container vc_column_container col no-extra-padding inherit_tablet inherit_phone\"  data-padding-pos=\"all\" data-has-bg-color=\"false\" data-bg-color=\"\" data-bg-opacity=\"1\" data-animation=\"\" data-delay=\"0\" >\n\t\t<div class=\"vc_column-inner\" >\n\t\t\t<div class=\"wpb_wrapper\">\n\t\t\t\t\n<div class=\"wpb_text_column wpb_content_element  vc_custom_1648994755287 vl-footer-copyright\" >\n\t<div class=\"wpb_wrapper\">\n\t\t<p>Limes-Erbe<\/p>\n\t<\/div>\n<\/div>\n\n\n\n\n\t\t\t<\/div> \n\t\t<\/div>\n\t<\/div> \n<\/div><\/div>","protected":false},"excerpt":{"rendered":"Limes HeritageSolva 38 R\u00f6mischer Wachturm LIMES Spielplatz und Promenade Ausstellung Anreise Limes-Netzwerk Lernen Sie die r\u00f6mische Grenzbefestigung des Donauknies kennen! Ausstellung im alten Trafohaus Am Ende der Stra\u00dfe erreichen Sie den...","protected":false},"author":1,"featured_media":0,"parent":0,"menu_order":0,"comment_status":"closed","ping_status":"closed","template":"","meta":{"footnotes":""},"class_list":["post-261","page","type-page","status-publish"],"_links":{"self":[{"href":"https:\/\/verocelimes.hu\/de\/wp-json\/wp\/v2\/pages\/261","targetHints":{"allow":["GET"]}}],"collection":[{"href":"https:\/\/verocelimes.hu\/de\/wp-json\/wp\/v2\/pages"}],"about":[{"href":"https:\/\/verocelimes.hu\/de\/wp-json\/wp\/v2\/types\/page"}],"author":[{"embeddable":true,"href":"https:\/\/verocelimes.hu\/de\/wp-json\/wp\/v2\/users\/1"}],"replies":[{"embeddable":true,"href":"https:\/\/verocelimes.hu\/de\/wp-json\/wp\/v2\/comments?post=261"}],"version-history":[{"count":11,"href":"https:\/\/verocelimes.hu\/de\/wp-json\/wp\/v2\/pages\/261\/revisions"}],"predecessor-version":[{"id":555,"href":"https:\/\/verocelimes.hu\/de\/wp-json\/wp\/v2\/pages\/261\/revisions\/555"}],"wp:attachment":[{"href":"https:\/\/verocelimes.hu\/de\/wp-json\/wp\/v2\/media?parent=261"}],"curies":[{"name":"wp","href":"https:\/\/api.w.org\/{rel}","templated":true}]}}