{"id":337,"date":"2022-12-23T12:06:38","date_gmt":"2022-12-23T12:06:38","guid":{"rendered":"https:\/\/verocelimes.hu\/?page_id=337"},"modified":"2024-11-05T16:23:48","modified_gmt":"2024-11-05T16:23:48","slug":"megkozelites-es-nyitvatartas","status":"publish","type":"page","link":"https:\/\/verocelimes.hu\/de\/megkozelites-es-nyitvatartas\/","title":{"rendered":"Anfahrt und \u00d6ffnungszeiten"},"content":{"rendered":"<div id=\"vl-banner\"  data-column-margin=\"default\" data-midnight=\"dark\"  class=\"wpb_row vc_row-fluid vc_row full-width-section\"  style=\"padding-top: 0px; padding-bottom: 0px; \"><div class=\"row-bg-wrap\" data-bg-animation=\"none\" data-bg-overlay=\"false\"><div class=\"inner-wrap using-image\"><div class=\"row-bg viewport-desktop using-image\"  style=\"background-image: url(https:\/\/verocelimes.hu\/wp-content\/uploads\/2022\/03\/banner.jpg); background-position: center center; background-repeat: no-repeat; \"><\/div><\/div><\/div><div class=\"row_col_wrap_12 col span_12 dark left\">\n\t<div  class=\"vc_col-sm-12 wpb_column column_container vc_column_container col no-extra-padding inherit_tablet inherit_phone\"  data-padding-pos=\"all\" data-has-bg-color=\"false\" data-bg-color=\"\" data-bg-opacity=\"1\" data-animation=\"\" data-delay=\"0\" >\n\t\t<div class=\"vc_column-inner\" >\n\t\t\t<div class=\"wpb_wrapper\">\n\t\t\t\t<div id=\"vl-hide\" data-midnight=\"\" data-column-margin=\"default\" class=\"wpb_row vc_row-fluid vc_row inner_row  vc_custom_1702236124505\"  style=\"\"><div class=\"row-bg-wrap\"> <div class=\"row-bg\" ><\/div> <\/div><div class=\"row_col_wrap_12_inner col span_12  left\">\n\t<div  class=\"vc_col-sm-4 wpb_column column_container vc_column_container col child_column no-extra-padding inherit_tablet inherit_phone\"   data-padding-pos=\"all\" data-has-bg-color=\"false\" data-bg-color=\"\" data-bg-opacity=\"1\" data-animation=\"\" data-delay=\"0\" >\n\t\t<div class=\"vc_column-inner\" ><a class=\"column-link\" target=\"_self\" href=\"https:\/\/verocelimes.hu\/de\/\"><\/a>\n\t\t<div class=\"wpb_wrapper\">\n\t\t\t\n<div class=\"wpb_text_column wpb_content_element  vc_custom_1671737485212 vl-logo\" >\n\t<div class=\"wpb_wrapper\">\n\t\t<p><a href=\"https:\/\/verocelimes.hu\/de\/\"><img loading=\"lazy\" decoding=\"async\" class=\"alignnone size-full wp-image-188\" src=\"http:\/\/verocelimes.hu\/wp-content\/uploads\/2022\/04\/logo.jpg\" alt=\"\" width=\"113\" height=\"63\" \/><\/a><\/p>\n<p><span id=\"vl-logo-title\">Das Erbe des Limes<\/span><span id=\"vl-logo-subtitle\">Solva 38 R\u00f6mischer Wachturm<\/span><\/p>\n\t<\/div>\n<\/div>\n\n\n\n\n\t\t<\/div> \n\t<\/div>\n\t<\/div> \n\n\t<div  class=\"vc_col-sm-8 wpb_column column_container vc_column_container col child_column no-extra-padding inherit_tablet inherit_phone\"   data-padding-pos=\"all\" data-has-bg-color=\"false\" data-bg-color=\"\" data-bg-opacity=\"1\" data-animation=\"\" data-delay=\"0\" >\n\t\t<div class=\"vc_column-inner\" >\n\t\t<div class=\"wpb_wrapper\">\n\t\t\t\n<div class=\"wpb_text_column wpb_content_element  vl-top-menu\" >\n\t<div class=\"wpb_wrapper\">\n\t\t<p><a href=\"https:\/\/verocelimes.hu\/de\/fedezzuk-fel-veroce-romai-multjat-keso-romai-kikotoerod-a-duna-partjan\/\">LIMES<\/a> <a href=\"https:\/\/verocelimes.hu\/de\/vissza-a-romai-korba-setany-es-tanosveny-a-diofak-alatt\/\">Spielplatz und Promenade<\/a> <a href=\"https:\/\/verocelimes.hu\/de\/ismerjuk-meg-a-duna-kanyar-romai-hatarvedelmet-kiallitas-a-regi-trafohazban\/\">Ausstellung<\/a> <a href=\"https:\/\/verocelimes.hu\/de\/megkozelites\/\">Ansatz<\/a> <a href=\"https:\/\/verocelimes.hu\/de\/limes-halozat\/\">Limesnetz<\/a><\/p>\n\t<\/div>\n<\/div>\n\n\n\n\n\t\t<\/div> \n\t<\/div>\n\t<\/div> \n<\/div><\/div>\n\t\t\t<\/div> \n\t\t<\/div>\n\t<\/div> \n<\/div><\/div>\n\t\t<div id=\"fws_69dae24fd4e59\"  data-column-margin=\"default\" data-midnight=\"dark\"  class=\"wpb_row vc_row-fluid vc_row\"  style=\"padding-top: 0px; padding-bottom: 0px; \"><div class=\"row-bg-wrap\" data-bg-animation=\"none\" data-bg-overlay=\"false\"><div class=\"inner-wrap\"><div class=\"row-bg viewport-desktop\"  style=\"\"><\/div><\/div><\/div><div class=\"row_col_wrap_12 col span_12 dark left\">\n\t<div  class=\"vc_col-sm-12 wpb_column column_container vc_column_container col no-extra-padding inherit_tablet inherit_phone\"  data-padding-pos=\"all\" data-has-bg-color=\"false\" data-bg-color=\"\" data-bg-opacity=\"1\" data-animation=\"\" data-delay=\"0\" >\n\t\t<div class=\"vc_column-inner\" >\n\t\t\t<div class=\"wpb_wrapper\">\n\t\t\t\t<div id=\"fws_69dae24fd5385\" data-midnight=\"\" data-column-margin=\"default\" class=\"wpb_row vc_row-fluid vc_row inner_row\"  style=\"\"><div class=\"row-bg-wrap\"> <div class=\"row-bg\" ><\/div> <\/div><div class=\"row_col_wrap_12_inner col span_12  left\">\n\t<div  class=\"vc_col-sm-12 wpb_column column_container vc_column_container col child_column no-extra-padding inherit_tablet inherit_phone\"   data-padding-pos=\"all\" data-has-bg-color=\"false\" data-bg-color=\"\" data-bg-opacity=\"1\" data-animation=\"\" data-delay=\"0\" >\n\t\t<div class=\"vc_column-inner\" >\n\t\t<div class=\"wpb_wrapper\">\n\t\t\t\n\t\t<\/div> \n\t<\/div>\n\t<\/div> \n<\/div><\/div>\n<div class=\"wpb_text_column wpb_content_element\" >\n\t<div class=\"wpb_wrapper\">\n\t\t<h3 dir=\"ltr\">Vorgehensweisen:<\/h3>\n<p>&nbsp;<\/p>\n<p dir=\"ltr\">Der r\u00f6mische Wachturm Solva 38 befindet sich neben der Hauptstra\u00dfe 12 vor der Siedlung Ver\u0151ce. Besucher, die mit dem Auto anreisen, k\u00f6nnen die direkt an der Stra\u00dfe gelegenen Parkpl\u00e4tze nutzen. Der k\u00fcrzeste Weg besteht darin, von der Autobahn 12 aus Richtung Budapest auf die Autobahn 2 oder die Schnellstra\u00dfe M2 abzuzweigen. Bei Letzterem handelt es sich um einen mautpflichtigen Stra\u00dfenabschnitt, f\u00fcr dessen Nutzung ist daher eine Vignette des Komitats Pest oder eine g\u00fcltige Autobahnvignette erforderlich.<\/p>\n<p dir=\"ltr\">G\u00e4ste, die mit dem Zug oder dem Boot anreisen, k\u00f6nnen das Wachturmgebiet von der Stadt Ver\u0151ce aus \u00fcber die Promenade erreichen.<\/p>\n<p dir=\"ltr\">Die Linienbusse des Anbieters Vol\u00e1nbusz halten direkt vor dem Wachturm und stellen somit eine tolle Alternative f\u00fcr alle dar, die die Promenade nicht nutzen m\u00f6chten.<\/p>\n<h3 dir=\"ltr\"><\/h3>\n<h3 dir=\"ltr\"><\/h3>\n<p>&nbsp;<\/p>\n<h3 dir=\"ltr\"><strong>\u00d6ffnungszeiten:<\/strong><\/h3>\n<p>&nbsp;<\/p>\n<p>Ab dem 1. September 2024 ist der Besuch des LIMES\u2013SOLVA 38-Museums nur noch nach vorheriger Terminvereinbarung m\u00f6glich (auch an Wochenenden). Sie k\u00f6nnen sich 72 Stunden vor Ihrem Besuch telefonisch unter +36 30 717 7206 oder +3627350033 anmelden.<\/p>\n<p><strong>Ticketpreise:<\/strong><\/p>\n<ul>\n<li>Kostenlos f\u00fcr Kinder unter 6 Jahren<\/li>\n<li>6-18 Jahre 400 HUF\/Person<\/li>\n<li>F\u00fcr Personen \u00fcber 18 Jahre 800 HUF\/Person<\/li>\n<\/ul>\n<p>Die F\u00fchrung ist kostenlos!<\/p>\n<p>Die Besichtigung des LIMES-Parks und Wachturms ist jederzeit, ohne Voranmeldung und kostenfrei m\u00f6glich.<\/p>\n\t<\/div>\n<\/div>\n\n\n\n\n\t\t\t<\/div> \n\t\t<\/div>\n\t<\/div> \n<\/div><\/div>\n\t\t<div id=\"fws_69dae24fd5dca\"  data-column-margin=\"default\" data-midnight=\"dark\"  class=\"wpb_row vc_row-fluid vc_row full-width-content vc_row-o-equal-height vc_row-flex vc_row-o-content-top\"  style=\"padding-top: 0px; padding-bottom: 0px; \"><div class=\"row-bg-wrap\" data-bg-animation=\"none\" data-bg-overlay=\"false\"><div class=\"inner-wrap\"><div class=\"row-bg viewport-desktop using-bg-color\"  style=\"background-color: #363636; \"><\/div><\/div><\/div><div class=\"row_col_wrap_12 col span_12 dark left\">\n\t<div  class=\"vc_col-sm-3 wpb_column column_container vc_column_container col no-extra-padding inherit_tablet inherit_phone\"  data-padding-pos=\"all\" data-has-bg-color=\"false\" data-bg-color=\"\" data-bg-opacity=\"1\" data-animation=\"\" data-delay=\"0\" >\n\t\t<div class=\"vc_column-inner\" >\n\t\t\t<div class=\"wpb_wrapper\">\n\t\t\t\t\n\t\t\t<\/div> \n\t\t<\/div>\n\t<\/div> \n\n\t<div  class=\"vc_col-sm-3 wpb_column column_container vc_column_container col no-extra-padding inherit_tablet inherit_phone\"  data-padding-pos=\"all\" data-has-bg-color=\"false\" data-bg-color=\"\" data-bg-opacity=\"1\" data-animation=\"\" data-delay=\"0\" >\n\t\t<div class=\"vc_column-inner\" >\n\t\t\t<div class=\"wpb_wrapper\">\n\t\t\t\t\n<div class=\"wpb_text_column wpb_content_element  vc_custom_1709108844384 vl-footer-links\" >\n\t<div class=\"wpb_wrapper\">\n\t\t<p><a href=\"https:\/\/verocelimes.hu\/de\/fedezzuk-fel-veroce-romai-multjat-keso-romai-kikotoerod-a-duna-partjan\/\">Limetten<\/a><br \/>\n<a href=\"https:\/\/verocelimes.hu\/de\/vissza-a-romai-korba-setany-es-tanosveny-a-diofak-alatt\/\">Spielplatz und Promenade<\/a><br \/>\n<a href=\"https:\/\/verocelimes.hu\/de\/ismerjuk-meg-a-duna-kanyar-romai-hatarvedelmet-kiallitas-a-regi-trafohazban\/\">Ausstellung<\/a><br \/>\n<a href=\"https:\/\/verocelimes.hu\/de\/megkozelites\/\">Ansatz<\/a><br \/>\n<a href=\"https:\/\/verocelimes.hu\/de\/limes-halozat\/\">Limesnetz<\/a><br \/>\n<a href=\"https:\/\/verocelimes.hu\/de\/adatkezelesi-tajekoztato\/\">Informationen zur Datenverarbeitung<\/a><\/p>\n\t<\/div>\n<\/div>\n\n\n\n\n\t\t\t<\/div> \n\t\t<\/div>\n\t<\/div> \n\n\t<div  class=\"vc_col-sm-3 wpb_column column_container vc_column_container col no-extra-padding inherit_tablet inherit_phone\"  data-padding-pos=\"all\" data-has-bg-color=\"false\" data-bg-color=\"\" data-bg-opacity=\"1\" data-animation=\"\" data-delay=\"0\" >\n\t\t<div class=\"vc_column-inner\" >\n\t\t\t<div class=\"wpb_wrapper\">\n\t\t\t\t\n\t\t\t<\/div> \n\t\t<\/div>\n\t<\/div> \n\n\t<div  class=\"vc_col-sm-3 wpb_column column_container vc_column_container col no-extra-padding inherit_tablet inherit_phone\"  data-padding-pos=\"all\" data-has-bg-color=\"false\" data-bg-color=\"\" data-bg-opacity=\"1\" data-animation=\"\" data-delay=\"0\" >\n\t\t<div class=\"vc_column-inner\" >\n\t\t\t<div class=\"wpb_wrapper\">\n\t\t\t\t\n<div class=\"wpb_text_column wpb_content_element  vc_custom_1648994755287 vl-footer-copyright\" >\n\t<div class=\"wpb_wrapper\">\n\t\t<p>Limes-Erbe<\/p>\n\t<\/div>\n<\/div>\n\n\n\n\n\t\t\t<\/div> \n\t\t<\/div>\n\t<\/div> \n<\/div><\/div>","protected":false},"excerpt":{"rendered":"LimeserbeSolva 38 R\u00f6mischer Wachturm LIMES Spielplatz und Promenade Ausstellung Anreise Limesnetzwerk Anreise Zugangsm\u00f6glichkeiten: Der r\u00f6mische Wachturm Solva 38 liegt an der Hauptstra\u00dfe 12, kurz vor dem Dorf Ver\u0151ce. A...","protected":false},"author":1,"featured_media":0,"parent":0,"menu_order":0,"comment_status":"closed","ping_status":"closed","template":"","meta":{"footnotes":""},"class_list":["post-337","page","type-page","status-publish"],"_links":{"self":[{"href":"https:\/\/verocelimes.hu\/de\/wp-json\/wp\/v2\/pages\/337","targetHints":{"allow":["GET"]}}],"collection":[{"href":"https:\/\/verocelimes.hu\/de\/wp-json\/wp\/v2\/pages"}],"about":[{"href":"https:\/\/verocelimes.hu\/de\/wp-json\/wp\/v2\/types\/page"}],"author":[{"embeddable":true,"href":"https:\/\/verocelimes.hu\/de\/wp-json\/wp\/v2\/users\/1"}],"replies":[{"embeddable":true,"href":"https:\/\/verocelimes.hu\/de\/wp-json\/wp\/v2\/comments?post=337"}],"version-history":[{"count":23,"href":"https:\/\/verocelimes.hu\/de\/wp-json\/wp\/v2\/pages\/337\/revisions"}],"predecessor-version":[{"id":579,"href":"https:\/\/verocelimes.hu\/de\/wp-json\/wp\/v2\/pages\/337\/revisions\/579"}],"wp:attachment":[{"href":"https:\/\/verocelimes.hu\/de\/wp-json\/wp\/v2\/media?parent=337"}],"curies":[{"name":"wp","href":"https:\/\/api.w.org\/{rel}","templated":true}]}}