{"id":340,"date":"2022-12-23T12:07:50","date_gmt":"2022-12-23T12:07:50","guid":{"rendered":"https:\/\/verocelimes.hu\/?page_id=340"},"modified":"2024-02-28T08:26:49","modified_gmt":"2024-02-28T08:26:49","slug":"limes-halozat","status":"publish","type":"page","link":"https:\/\/verocelimes.hu\/de\/limes-halozat\/","title":{"rendered":"Limesnetz"},"content":{"rendered":"<div id=\"vl-banner\"  data-column-margin=\"default\" data-midnight=\"dark\"  class=\"wpb_row vc_row-fluid vc_row full-width-section\"  style=\"padding-top: 0px; padding-bottom: 0px; \"><div class=\"row-bg-wrap\" data-bg-animation=\"none\" data-bg-overlay=\"false\"><div class=\"inner-wrap using-image\"><div class=\"row-bg viewport-desktop using-image\"  style=\"background-image: url(https:\/\/verocelimes.hu\/wp-content\/uploads\/2022\/03\/banner.jpg); background-position: center center; background-repeat: no-repeat; \"><\/div><\/div><\/div><div class=\"row_col_wrap_12 col span_12 dark left\">\n\t<div  class=\"vc_col-sm-12 wpb_column column_container vc_column_container col no-extra-padding inherit_tablet inherit_phone\"  data-padding-pos=\"all\" data-has-bg-color=\"false\" data-bg-color=\"\" data-bg-opacity=\"1\" data-animation=\"\" data-delay=\"0\" >\n\t\t<div class=\"vc_column-inner\" >\n\t\t\t<div class=\"wpb_wrapper\">\n\t\t\t\t<div id=\"vl-hide\" data-midnight=\"\" data-column-margin=\"default\" class=\"wpb_row vc_row-fluid vc_row inner_row  vc_custom_1702236160690\"  style=\"\"><div class=\"row-bg-wrap\"> <div class=\"row-bg\" ><\/div> <\/div><div class=\"row_col_wrap_12_inner col span_12  left\">\n\t<div  class=\"vc_col-sm-4 wpb_column column_container vc_column_container col child_column no-extra-padding inherit_tablet inherit_phone\"   data-padding-pos=\"all\" data-has-bg-color=\"false\" data-bg-color=\"\" data-bg-opacity=\"1\" data-animation=\"\" data-delay=\"0\" >\n\t\t<div class=\"vc_column-inner\" ><a class=\"column-link\" target=\"_self\" href=\"https:\/\/verocelimes.hu\/de\/\"><\/a>\n\t\t<div class=\"wpb_wrapper\">\n\t\t\t\n<div class=\"wpb_text_column wpb_content_element  vc_custom_1671737485212 vl-logo\" >\n\t<div class=\"wpb_wrapper\">\n\t\t<p><a href=\"https:\/\/verocelimes.hu\/de\/\"><img loading=\"lazy\" decoding=\"async\" class=\"alignnone size-full wp-image-188\" src=\"http:\/\/verocelimes.hu\/wp-content\/uploads\/2022\/04\/logo.jpg\" alt=\"\" width=\"113\" height=\"63\" \/><\/a><\/p>\n<p><span id=\"vl-logo-title\">Das Erbe des Limes<\/span><span id=\"vl-logo-subtitle\">Solva 38 R\u00f6mischer Wachturm<\/span><\/p>\n\t<\/div>\n<\/div>\n\n\n\n\n\t\t<\/div> \n\t<\/div>\n\t<\/div> \n\n\t<div  class=\"vc_col-sm-8 wpb_column column_container vc_column_container col child_column no-extra-padding inherit_tablet inherit_phone\"   data-padding-pos=\"all\" data-has-bg-color=\"false\" data-bg-color=\"\" data-bg-opacity=\"1\" data-animation=\"\" data-delay=\"0\" >\n\t\t<div class=\"vc_column-inner\" >\n\t\t<div class=\"wpb_wrapper\">\n\t\t\t\n<div class=\"wpb_text_column wpb_content_element  vl-top-menu\" >\n\t<div class=\"wpb_wrapper\">\n\t\t<p><a href=\"https:\/\/verocelimes.hu\/de\/fedezzuk-fel-veroce-romai-multjat-keso-romai-kikotoerod-a-duna-partjan\/\">LIMES<\/a> <a href=\"https:\/\/verocelimes.hu\/de\/vissza-a-romai-korba-setany-es-tanosveny-a-diofak-alatt\/\">Spielplatz und Promenade<\/a> <a href=\"https:\/\/verocelimes.hu\/de\/ismerjuk-meg-a-duna-kanyar-romai-hatarvedelmet-kiallitas-a-regi-trafohazban\/\">Ausstellung<\/a> <a href=\"https:\/\/verocelimes.hu\/de\/megkozelites\/\">Ansatz<\/a> <a href=\"https:\/\/verocelimes.hu\/de\/limes-halozat\/\">Limesnetz<\/a><\/p>\n\t<\/div>\n<\/div>\n\n\n\n\n\t\t<\/div> \n\t<\/div>\n\t<\/div> \n<\/div><\/div>\n\t\t\t<\/div> \n\t\t<\/div>\n\t<\/div> \n<\/div><\/div>\n\t\t<div id=\"fws_69dae2eab712a\"  data-column-margin=\"default\" data-midnight=\"dark\"  class=\"wpb_row vc_row-fluid vc_row\"  style=\"padding-top: 0px; padding-bottom: 0px; \"><div class=\"row-bg-wrap\" data-bg-animation=\"none\" data-bg-overlay=\"false\"><div class=\"inner-wrap\"><div class=\"row-bg viewport-desktop\"  style=\"\"><\/div><\/div><\/div><div class=\"row_col_wrap_12 col span_12 dark left\">\n\t<div style=\"margin-top: 30px; \" class=\"vc_col-sm-12 wpb_column column_container vc_column_container col no-extra-padding inherit_tablet inherit_phone\"  data-padding-pos=\"all\" data-has-bg-color=\"false\" data-bg-color=\"\" data-bg-opacity=\"1\" data-animation=\"\" data-delay=\"0\" >\n\t\t<div class=\"vc_column-inner\" >\n\t\t\t<div class=\"wpb_wrapper\">\n\t\t\t\t<div id=\"fws_69dae2eab7884\" data-midnight=\"\" data-column-margin=\"default\" class=\"wpb_row vc_row-fluid vc_row inner_row\"  style=\"\"><div class=\"row-bg-wrap\"> <div class=\"row-bg\" ><\/div> <\/div><div class=\"row_col_wrap_12_inner col span_12  left\">\n\t<div  class=\"vc_col-sm-6 wpb_column column_container vc_column_container col child_column no-extra-padding inherit_tablet inherit_phone\"   data-padding-pos=\"all\" data-has-bg-color=\"false\" data-bg-color=\"\" data-bg-opacity=\"1\" data-animation=\"\" data-delay=\"0\" >\n\t\t<div class=\"vc_column-inner\" >\n\t\t<div class=\"wpb_wrapper\">\n\t\t\t\n<div class=\"wpb_text_column wpb_content_element\" >\n\t<div class=\"wpb_wrapper\">\n\t\t<h1 style=\"text-align: left;\">Limesnetz<\/h1>\n<p>&nbsp;<\/p>\n<p>Das Wort Limes bedeutete urspr\u00fcnglich Weg. Stra\u00dfen (haupts\u00e4chlich Milit\u00e4rstra\u00dfen) vernetzten die Grenzgebiete und verbanden sie mit Rom, reichten aber auch in feindliches Gebiet. Nat\u00fcrliche Hindernisse (z. B. Fl\u00fcsse) erg\u00e4nzten die k\u00fcnstlichen D\u00e4mme und Barrieren. Eine w\u00e4hrend der Kaiserzeit zum Schutz des R\u00f6mischen Reiches errichtete Grenzlinie bestehend aus W\u00e4llen, Gr\u00e4ben, Wacht\u00fcrmen und Festungen.<\/p>\n<p>Die Suche nach Grenzschutzeinrichtungen des R\u00f6mischen Reiches auf dem heutigen Gebiet unseres Landes bleibt eine Aufgabe der Zukunft. Wir m\u00fcssen die Routen und Befestigungen entlang der Donau von Carnuntum bis Aquincum und von dort bis zur Draum\u00fcndung kennenlernen.<\/p>\n<p>Der Ungarische Limes bildet den zentralen Abschnitt der ehemaligen Provinz Pannonien entlang der Donau. Westlich davon beginnt der sogenannte Oberpannonische Limes bei Klosterneuburg Cannabiaca in \u00d6sterreich und endet etwas \u00f6stlich bei Gerulata (Rusovce) in der Slowakei.<\/p>\n<p>&nbsp;<\/p>\n<p>Quelle: <a href=\"https:\/\/hu.wikipedia.org\/wiki\/A_r%C3%B3mai_limes_magyarorsz%C3%A1gi_szakaszai\" target=\"_blank\" rel=\"noopener\">wikipedia<\/a><\/p>\n\t<\/div>\n<\/div>\n\n\n\n\n\t\t<\/div> \n\t<\/div>\n\t<\/div> \n\n\t<div  class=\"vc_col-sm-6 wpb_column column_container vc_column_container col child_column no-extra-padding inherit_tablet inherit_phone\"   data-padding-pos=\"all\" data-has-bg-color=\"false\" data-bg-color=\"\" data-bg-opacity=\"1\" data-animation=\"\" data-delay=\"0\" >\n\t\t<div class=\"vc_column-inner\" >\n\t\t<div class=\"wpb_wrapper\">\n\t\t\t<div class=\"img-with-aniamtion-wrap\" data-max-width=\"100%\" data-max-width-mobile=\"default\" data-shadow=\"none\" data-animation=\"fade-in\" >\n      <div class=\"inner\">\n        <div class=\"hover-wrap\"> \n          <div class=\"hover-wrap-inner\">\n            <img loading=\"lazy\" decoding=\"async\" class=\"img-with-animation skip-lazy\" data-delay=\"0\" height=\"463\" width=\"450\" data-animation=\"fade-in\" src=\"https:\/\/verocelimes.hu\/wp-content\/uploads\/2022\/04\/halozat.jpg\" alt=\"\" srcset=\"https:\/\/verocelimes.hu\/wp-content\/uploads\/2022\/04\/halozat.jpg 450w, https:\/\/verocelimes.hu\/wp-content\/uploads\/2022\/04\/halozat-292x300.jpg 292w\" sizes=\"auto, (max-width: 450px) 100vw, 450px\" \/>\n          <\/div>\n        <\/div>\n      <\/div>\n    <\/div>\n\t\t<\/div> \n\t<\/div>\n\t<\/div> \n<\/div><\/div>\n\t\t\t<\/div> \n\t\t<\/div>\n\t<\/div> \n<\/div><\/div>\n\t\t<div id=\"fws_69dae2eac15c8\"  data-column-margin=\"default\" data-midnight=\"dark\"  class=\"wpb_row vc_row-fluid vc_row full-width-content vc_row-o-equal-height vc_row-flex vc_row-o-content-top\"  style=\"padding-top: 0px; padding-bottom: 0px; \"><div class=\"row-bg-wrap\" data-bg-animation=\"none\" data-bg-overlay=\"false\"><div class=\"inner-wrap\"><div class=\"row-bg viewport-desktop using-bg-color\"  style=\"background-color: #363636; \"><\/div><\/div><\/div><div class=\"row_col_wrap_12 col span_12 dark left\">\n\t<div  class=\"vc_col-sm-3 wpb_column column_container vc_column_container col no-extra-padding inherit_tablet inherit_phone\"  data-padding-pos=\"all\" data-has-bg-color=\"false\" data-bg-color=\"\" data-bg-opacity=\"1\" data-animation=\"\" data-delay=\"0\" >\n\t\t<div class=\"vc_column-inner\" >\n\t\t\t<div class=\"wpb_wrapper\">\n\t\t\t\t\n\t\t\t<\/div> \n\t\t<\/div>\n\t<\/div> \n\n\t<div  class=\"vc_col-sm-3 wpb_column column_container vc_column_container col no-extra-padding inherit_tablet inherit_phone\"  data-padding-pos=\"all\" data-has-bg-color=\"false\" data-bg-color=\"\" data-bg-opacity=\"1\" data-animation=\"\" data-delay=\"0\" >\n\t\t<div class=\"vc_column-inner\" >\n\t\t\t<div class=\"wpb_wrapper\">\n\t\t\t\t\n<div class=\"wpb_text_column wpb_content_element  vc_custom_1709108806791 vl-footer-links\" >\n\t<div class=\"wpb_wrapper\">\n\t\t<p><a href=\"https:\/\/verocelimes.hu\/de\/fedezzuk-fel-veroce-romai-multjat-keso-romai-kikotoerod-a-duna-partjan\/\">Limetten<\/a><br \/>\n<a href=\"https:\/\/verocelimes.hu\/de\/vissza-a-romai-korba-setany-es-tanosveny-a-diofak-alatt\/\">Spielplatz und Promenade<\/a><br \/>\n<a href=\"https:\/\/verocelimes.hu\/de\/ismerjuk-meg-a-duna-kanyar-romai-hatarvedelmet-kiallitas-a-regi-trafohazban\/\">Ausstellung<\/a><br \/>\n<a href=\"https:\/\/verocelimes.hu\/de\/megkozelites\/\">Ansatz<\/a><br \/>\n<a href=\"https:\/\/verocelimes.hu\/de\/limes-halozat\/\">Limesnetz<\/a><br \/>\n<a href=\"https:\/\/verocelimes.hu\/de\/adatkezelesi-tajekoztato\/\">Informationen zur Datenverarbeitung<\/a><\/p>\n\t<\/div>\n<\/div>\n\n\n\n\n\t\t\t<\/div> \n\t\t<\/div>\n\t<\/div> \n\n\t<div  class=\"vc_col-sm-3 wpb_column column_container vc_column_container col no-extra-padding inherit_tablet inherit_phone\"  data-padding-pos=\"all\" data-has-bg-color=\"false\" data-bg-color=\"\" data-bg-opacity=\"1\" data-animation=\"\" data-delay=\"0\" >\n\t\t<div class=\"vc_column-inner\" >\n\t\t\t<div class=\"wpb_wrapper\">\n\t\t\t\t\n\t\t\t<\/div> \n\t\t<\/div>\n\t<\/div> \n\n\t<div  class=\"vc_col-sm-3 wpb_column column_container vc_column_container col no-extra-padding inherit_tablet inherit_phone\"  data-padding-pos=\"all\" data-has-bg-color=\"false\" data-bg-color=\"\" data-bg-opacity=\"1\" data-animation=\"\" data-delay=\"0\" >\n\t\t<div class=\"vc_column-inner\" >\n\t\t\t<div class=\"wpb_wrapper\">\n\t\t\t\t\n<div class=\"wpb_text_column wpb_content_element  vc_custom_1648994755287 vl-footer-copyright\" >\n\t<div class=\"wpb_wrapper\">\n\t\t<p>Limes-Erbe<\/p>\n\t<\/div>\n<\/div>\n\n\n\n\n\t\t\t<\/div> \n\t\t<\/div>\n\t<\/div> \n<\/div><\/div>","protected":false},"excerpt":{"rendered":"Limes \u00f6r\u00f6ks\u00e9gSolva 38 r\u00f3mai \u0151rtorony LIMES J\u00e1tsz\u00f3t\u00e9r \u00e9s s\u00e9t\u00e1ny Ki\u00e1ll\u00edt\u00e1s Megk\u00f6zel\u00edt\u00e9s Limes h\u00e1l\u00f3zat Limes h\u00e1l\u00f3zat &nbsp; A limes sz\u00f3 eredetileg \u00f6sv\u00e9nyt jelentett. Utak (f\u0151leg hadiutak) h\u00e1l\u00f3zt\u00e1k be a hat\u00e1rvid\u00e9keket, melyeket...","protected":false},"author":1,"featured_media":0,"parent":0,"menu_order":0,"comment_status":"closed","ping_status":"closed","template":"","meta":{"footnotes":""},"class_list":["post-340","page","type-page","status-publish"],"_links":{"self":[{"href":"https:\/\/verocelimes.hu\/de\/wp-json\/wp\/v2\/pages\/340","targetHints":{"allow":["GET"]}}],"collection":[{"href":"https:\/\/verocelimes.hu\/de\/wp-json\/wp\/v2\/pages"}],"about":[{"href":"https:\/\/verocelimes.hu\/de\/wp-json\/wp\/v2\/types\/page"}],"author":[{"embeddable":true,"href":"https:\/\/verocelimes.hu\/de\/wp-json\/wp\/v2\/users\/1"}],"replies":[{"embeddable":true,"href":"https:\/\/verocelimes.hu\/de\/wp-json\/wp\/v2\/comments?post=340"}],"version-history":[{"count":10,"href":"https:\/\/verocelimes.hu\/de\/wp-json\/wp\/v2\/pages\/340\/revisions"}],"predecessor-version":[{"id":558,"href":"https:\/\/verocelimes.hu\/de\/wp-json\/wp\/v2\/pages\/340\/revisions\/558"}],"wp:attachment":[{"href":"https:\/\/verocelimes.hu\/de\/wp-json\/wp\/v2\/media?parent=340"}],"curies":[{"name":"wp","href":"https:\/\/api.w.org\/{rel}","templated":true}]}}