{"id":362,"date":"2022-12-23T12:38:54","date_gmt":"2022-12-23T12:38:54","guid":{"rendered":"https:\/\/verocelimes.hu\/?page_id=362"},"modified":"2024-02-28T08:27:55","modified_gmt":"2024-02-28T08:27:55","slug":"setany-es-jatszoter-kepek","status":"publish","type":"page","link":"https:\/\/verocelimes.hu\/de\/setany-es-jatszoter-kepek\/","title":{"rendered":"S\u00e9t\u00e1ny \u00e9s j\u00e1tsz\u00f3t\u00e9r &#8211; k\u00e9pek"},"content":{"rendered":"<div id=\"vl-banner\"  data-column-margin=\"default\" data-midnight=\"dark\"  class=\"wpb_row vc_row-fluid vc_row full-width-section\"  style=\"padding-top: 0px; padding-bottom: 200px; \"><div class=\"row-bg-wrap\" data-bg-animation=\"none\" data-bg-overlay=\"false\"><div class=\"inner-wrap\"><div class=\"row-bg viewport-desktop\"  style=\"\"><\/div><\/div><\/div><div class=\"row_col_wrap_12 col span_12 dark left\">\n\t<div  class=\"vc_col-sm-12 wpb_column column_container vc_column_container col no-extra-padding inherit_tablet inherit_phone\"  data-padding-pos=\"all\" data-has-bg-color=\"false\" data-bg-color=\"\" data-bg-opacity=\"1\" data-animation=\"\" data-delay=\"0\" >\n\t\t<div class=\"vc_column-inner\" >\n\t\t\t<div class=\"wpb_wrapper\">\n\t\t\t\t<div id=\"fws_69dae2d151bb1\" data-midnight=\"\" data-column-margin=\"default\" class=\"wpb_row vc_row-fluid vc_row inner_row vl-lang-selector\"  style=\"\"><div class=\"row-bg-wrap\"> <div class=\"row-bg\" ><\/div> <\/div><div class=\"row_col_wrap_12_inner col span_12  left\">\n\t<div  class=\"vc_col-sm-12 wpb_column column_container vc_column_container col child_column no-extra-padding inherit_tablet inherit_phone\"   data-padding-pos=\"all\" data-has-bg-color=\"false\" data-bg-color=\"\" data-bg-opacity=\"1\" data-animation=\"\" data-delay=\"0\" >\n\t\t<div class=\"vc_column-inner\" >\n\t\t<div class=\"wpb_wrapper\">\n\t\t\t\n<div class=\"wpb_text_column wpb_content_element\" >\n\t<div class=\"wpb_wrapper\">\n\t\t<p><a href=\"#\">Englisch<\/a><\/p>\n\t<\/div>\n<\/div>\n\n\n\n\n\t\t<\/div> \n\t<\/div>\n\t<\/div> \n<\/div><\/div><div id=\"fws_69dae2d152e74\" data-midnight=\"\" data-column-margin=\"default\" class=\"wpb_row vc_row-fluid vc_row inner_row  vc_custom_1671730047998\"  style=\"\"><div class=\"row-bg-wrap\"> <div class=\"row-bg\" ><\/div> <\/div><div class=\"row_col_wrap_12_inner col span_12  left\">\n\t<div  class=\"vc_col-sm-4 wpb_column column_container vc_column_container col child_column no-extra-padding inherit_tablet inherit_phone\"   data-padding-pos=\"all\" data-has-bg-color=\"false\" data-bg-color=\"\" data-bg-opacity=\"1\" data-animation=\"\" data-delay=\"0\" >\n\t\t<div class=\"vc_column-inner\" ><a class=\"column-link\" target=\"_self\" href=\"https:\/\/verocelimes.hu\/de\/\"><\/a>\n\t\t<div class=\"wpb_wrapper\">\n\t\t\t\n<div class=\"wpb_text_column wpb_content_element  vc_custom_1671733710909 vl-logo\" >\n\t<div class=\"wpb_wrapper\">\n\t\t<p><a href=\"https:\/\/verocelimes.hu\/de\/\"><img loading=\"lazy\" decoding=\"async\" class=\"alignnone size-full wp-image-188\" src=\"http:\/\/verocelimes.hu\/wp-content\/uploads\/2022\/04\/logo.jpg\" alt=\"\" width=\"113\" height=\"63\" \/><\/a><\/p>\n<p><span id=\"vl-logo-title\">Das Erbe des Limes<\/span><span id=\"vl-logo-subtitle\">Solva 38 R\u00f6mischer Wachturm<\/span><\/p>\n\t<\/div>\n<\/div>\n\n\n\n\n\t\t<\/div> \n\t<\/div>\n\t<\/div> \n\n\t<div  class=\"vc_col-sm-8 wpb_column column_container vc_column_container col child_column no-extra-padding inherit_tablet inherit_phone\"   data-padding-pos=\"all\" data-has-bg-color=\"false\" data-bg-color=\"\" data-bg-opacity=\"1\" data-animation=\"\" data-delay=\"0\" >\n\t\t<div class=\"vc_column-inner\" >\n\t\t<div class=\"wpb_wrapper\">\n\t\t\t\n<div class=\"wpb_text_column wpb_content_element  vl-top-menu\" >\n\t<div class=\"wpb_wrapper\">\n\t\t<p><a href=\"https:\/\/verocelimes.hu\/de\/fedezzuk-fel-veroce-romai-multjat-keso-romai-kikotoerod-a-duna-partjan\/\">LIMES<\/a> <a href=\"https:\/\/verocelimes.hu\/de\/vissza-a-romai-korba-setany-es-tanosveny-a-diofak-alatt\/\">Spielplatz und Promenade<\/a> <a href=\"https:\/\/verocelimes.hu\/de\/ismerjuk-meg-a-duna-kanyar-romai-hatarvedelmet-kiallitas-a-regi-trafohazban\/\">Ausstellung<\/a> <a href=\"https:\/\/verocelimes.hu\/de\/megkozelites\/\">Ansatz<\/a> <a href=\"https:\/\/verocelimes.hu\/de\/limes-halozat\/\">Limesnetz<\/a><\/p>\n\t<\/div>\n<\/div>\n\n\n\n\n\t\t<\/div> \n\t<\/div>\n\t<\/div> \n<\/div><\/div>\n\t<div class=\"wpb_gallery wpb_content_element clearfix\">\n\t\t<div class=\"wpb_wrapper\"><div class=\"wpb_gallery_slides wpb_flexslider flex-gallery flexslider\" data-onclick=\"link_no\" data-interval=\"5\" data-flex_fx=\"fade\"><ul class=\"slides\" data-d-autorotate=\"\"><li><img loading=\"lazy\" decoding=\"async\" class=\"skip-lazy\" src=\"https:\/\/verocelimes.hu\/wp-content\/uploads\/2022\/12\/Veroce_33-scaled-1920x1080.jpg\" width=\"1920\" height=\"1080\" alt=\"Ver\u0151ce_33\" title=\"Ver\u0151ce_33\" \/><\/li><li><img loading=\"lazy\" decoding=\"async\" class=\"skip-lazy\" src=\"https:\/\/verocelimes.hu\/wp-content\/uploads\/2022\/12\/Veroce_30-scaled-1920x1080.jpg\" width=\"1920\" height=\"1080\" alt=\"Ver\u0151ce_30\" title=\"Ver\u0151ce_30\" \/><\/li><li><img loading=\"lazy\" decoding=\"async\" class=\"skip-lazy\" src=\"https:\/\/verocelimes.hu\/wp-content\/uploads\/2022\/12\/Veroce_29-scaled-1920x1080.jpg\" width=\"1920\" height=\"1080\" alt=\"Ver\u0151ce_29\" title=\"Ver\u0151ce_29\" \/><\/li><li><img loading=\"lazy\" decoding=\"async\" class=\"skip-lazy\" src=\"https:\/\/verocelimes.hu\/wp-content\/uploads\/2022\/12\/Veroce_28-scaled-e1672316009371.jpg\" width=\"1920\" height=\"1080\" alt=\"Ver\u0151ce_28\" title=\"Ver\u0151ce_28\" \/><\/li><li><img loading=\"lazy\" decoding=\"async\" class=\"skip-lazy\" src=\"https:\/\/verocelimes.hu\/wp-content\/uploads\/2022\/12\/Veroce_27-scaled-1920x1080.jpg\" width=\"1920\" height=\"1080\" alt=\"Ver\u0151ce_27\" title=\"Ver\u0151ce_27\" \/><\/li><li><img loading=\"lazy\" decoding=\"async\" class=\"skip-lazy\" src=\"https:\/\/verocelimes.hu\/wp-content\/uploads\/2022\/12\/Veroce_26-scaled-1920x1080.jpg\" width=\"1920\" height=\"1080\" alt=\"Ver\u0151ce_26\" title=\"Ver\u0151ce_26\" \/><\/li><li><img loading=\"lazy\" decoding=\"async\" class=\"skip-lazy\" src=\"https:\/\/verocelimes.hu\/wp-content\/uploads\/2022\/12\/Veroce_25-scaled-1920x1080.jpg\" width=\"1920\" height=\"1080\" alt=\"Ver\u0151ce_25\" title=\"Ver\u0151ce_25\" \/><\/li><li><img loading=\"lazy\" decoding=\"async\" class=\"skip-lazy\" src=\"https:\/\/verocelimes.hu\/wp-content\/uploads\/2022\/12\/Veroce_24-scaled-1920x1080.jpg\" width=\"1920\" height=\"1080\" alt=\"Ver\u0151ce_24\" title=\"Ver\u0151ce_24\" \/><\/li><li><img loading=\"lazy\" decoding=\"async\" class=\"skip-lazy\" src=\"https:\/\/verocelimes.hu\/wp-content\/uploads\/2022\/12\/Veroce_23-scaled-1920x1080.jpg\" width=\"1920\" height=\"1080\" alt=\"Ver\u0151ce_23\" title=\"Ver\u0151ce_23\" \/><\/li><li><img loading=\"lazy\" decoding=\"async\" class=\"skip-lazy\" src=\"https:\/\/verocelimes.hu\/wp-content\/uploads\/2022\/12\/Veroce_20-scaled-1920x1080.jpg\" width=\"1920\" height=\"1080\" alt=\"Ver\u0151ce_20\" title=\"Ver\u0151ce_20\" \/><\/li><li><img loading=\"lazy\" decoding=\"async\" class=\"skip-lazy\" src=\"https:\/\/verocelimes.hu\/wp-content\/uploads\/2022\/04\/ortorony.jpg\" width=\"946\" height=\"486\" alt=\"\" title=\"\" \/><\/li><li><img loading=\"lazy\" decoding=\"async\" class=\"skip-lazy\" src=\"https:\/\/verocelimes.hu\/wp-content\/uploads\/2022\/03\/banner.jpg\" width=\"1920\" height=\"677\" alt=\"\" title=\"\" \/><\/li><\/ul><\/div>\n\t\t<\/div> \n\t<\/div> \n\t\t\t<\/div> \n\t\t<\/div>\n\t<\/div> \n<\/div><\/div>\n\t\t<div id=\"fws_69dae2d178ed5\"  data-column-margin=\"default\" data-midnight=\"dark\"  class=\"wpb_row vc_row-fluid vc_row full-width-content vc_row-o-equal-height vc_row-flex vc_row-o-content-top\"  style=\"padding-top: 0px; padding-bottom: 0px; \"><div class=\"row-bg-wrap\" data-bg-animation=\"none\" data-bg-overlay=\"false\"><div class=\"inner-wrap\"><div class=\"row-bg viewport-desktop using-bg-color\"  style=\"background-color: #363636; \"><\/div><\/div><\/div><div class=\"row_col_wrap_12 col span_12 dark left\">\n\t<div  class=\"vc_col-sm-3 wpb_column column_container vc_column_container col no-extra-padding inherit_tablet inherit_phone\"  data-padding-pos=\"all\" data-has-bg-color=\"false\" data-bg-color=\"\" data-bg-opacity=\"1\" data-animation=\"\" data-delay=\"0\" >\n\t\t<div class=\"vc_column-inner\" >\n\t\t\t<div class=\"wpb_wrapper\">\n\t\t\t\t\n\t\t\t<\/div> \n\t\t<\/div>\n\t<\/div> \n\n\t<div  class=\"vc_col-sm-3 wpb_column column_container vc_column_container col no-extra-padding inherit_tablet inherit_phone\"  data-padding-pos=\"all\" data-has-bg-color=\"false\" data-bg-color=\"\" data-bg-opacity=\"1\" data-animation=\"\" data-delay=\"0\" >\n\t\t<div class=\"vc_column-inner\" >\n\t\t\t<div class=\"wpb_wrapper\">\n\t\t\t\t\n<div class=\"wpb_text_column wpb_content_element  vc_custom_1709108873130 vl-footer-links\" >\n\t<div class=\"wpb_wrapper\">\n\t\t<p><a href=\"https:\/\/verocelimes.hu\/de\/fedezzuk-fel-veroce-romai-multjat-keso-romai-kikotoerod-a-duna-partjan\/\">Limetten<\/a><br \/>\n<a href=\"https:\/\/verocelimes.hu\/de\/vissza-a-romai-korba-setany-es-tanosveny-a-diofak-alatt\/\">Spielplatz und Promenade<\/a><br \/>\n<a href=\"https:\/\/verocelimes.hu\/de\/ismerjuk-meg-a-duna-kanyar-romai-hatarvedelmet-kiallitas-a-regi-trafohazban\/\">Ausstellung<\/a><br \/>\n<a href=\"https:\/\/verocelimes.hu\/de\/megkozelites\/\">Ansatz<\/a><br \/>\n<a href=\"https:\/\/verocelimes.hu\/de\/limes-halozat\/\">Limesnetz<\/a><br \/>\n<a href=\"https:\/\/verocelimes.hu\/de\/adatkezelesi-tajekoztato\/\">Informationen zur Datenverarbeitung<\/a><\/p>\n\t<\/div>\n<\/div>\n\n\n\n\n\t\t\t<\/div> \n\t\t<\/div>\n\t<\/div> \n\n\t<div style=\"z-index: 1; \" class=\"vc_col-sm-3 wpb_column column_container vc_column_container col no-extra-padding inherit_tablet inherit_phone\"  data-padding-pos=\"all\" data-has-bg-color=\"false\" data-bg-color=\"\" data-bg-opacity=\"1\" data-animation=\"\" data-delay=\"0\" >\n\t\t<div class=\"vc_column-inner\" >\n\t\t\t<div class=\"wpb_wrapper\">\n\t\t\t\t\n\t\t\t<\/div> \n\t\t<\/div>\n\t<\/div> \n\n\t<div style=\"z-index: 1; \" class=\"vc_col-sm-3 wpb_column column_container vc_column_container col no-extra-padding inherit_tablet inherit_phone\"  data-padding-pos=\"all\" data-has-bg-color=\"false\" data-bg-color=\"\" data-bg-opacity=\"1\" data-animation=\"\" data-delay=\"0\" >\n\t\t<div class=\"vc_column-inner\" >\n\t\t\t<div class=\"wpb_wrapper\">\n\t\t\t\t\n<div class=\"wpb_text_column wpb_content_element  vc_custom_1648994755287 vl-footer-copyright\" >\n\t<div class=\"wpb_wrapper\">\n\t\t<p>Limes-Erbe<\/p>\n\t<\/div>\n<\/div>\n\n\n\n\n\t\t\t<\/div> \n\t\t<\/div>\n\t<\/div> \n<\/div><\/div>","protected":false},"excerpt":{"rendered":"English Limes heritageSolva 38 R\u00f6mischer Wachturm LIMES Spielplatz und Promenade Ausstellung Anfahrt Limes Netzwerk Limes Spielplatz und Promenade Ausstellung Anfahrt Limes Netzwerk Datenschutz \u00a9 2022 Limes heritage","protected":false},"author":1,"featured_media":0,"parent":0,"menu_order":0,"comment_status":"closed","ping_status":"closed","template":"","meta":{"footnotes":""},"class_list":["post-362","page","type-page","status-publish"],"_links":{"self":[{"href":"https:\/\/verocelimes.hu\/de\/wp-json\/wp\/v2\/pages\/362","targetHints":{"allow":["GET"]}}],"collection":[{"href":"https:\/\/verocelimes.hu\/de\/wp-json\/wp\/v2\/pages"}],"about":[{"href":"https:\/\/verocelimes.hu\/de\/wp-json\/wp\/v2\/types\/page"}],"author":[{"embeddable":true,"href":"https:\/\/verocelimes.hu\/de\/wp-json\/wp\/v2\/users\/1"}],"replies":[{"embeddable":true,"href":"https:\/\/verocelimes.hu\/de\/wp-json\/wp\/v2\/comments?post=362"}],"version-history":[{"count":3,"href":"https:\/\/verocelimes.hu\/de\/wp-json\/wp\/v2\/pages\/362\/revisions"}],"predecessor-version":[{"id":561,"href":"https:\/\/verocelimes.hu\/de\/wp-json\/wp\/v2\/pages\/362\/revisions\/561"}],"wp:attachment":[{"href":"https:\/\/verocelimes.hu\/de\/wp-json\/wp\/v2\/media?parent=362"}],"curies":[{"name":"wp","href":"https:\/\/api.w.org\/{rel}","templated":true}]}}