{"id":534,"date":"2024-01-19T17:45:44","date_gmt":"2024-01-19T17:45:44","guid":{"rendered":"https:\/\/verocelimes.hu\/?page_id=534"},"modified":"2024-01-19T17:45:44","modified_gmt":"2024-01-19T17:45:44","slug":"veroce-german","status":"publish","type":"page","link":"https:\/\/verocelimes.hu\/de\/veroce-german\/","title":{"rendered":"Ver\u0151ce Deutsch"},"content":{"rendered":"<p>V<\/p>\n<p align=\"justify\"><span style=\"font-family: Times New Roman, serif;\"><span style=\"font-size: medium;\">Auf der Nordseite des Waag-Donauknies, direkt am linken Ufer des Flusses, liegt N\u00f3gr\u00e1dver\u0151ce. Der Kamm des Wei\u00dfen Berges (Feh\u00e9r-hegy) im Osten verl\u00e4uft parallel zur Donau. S\u00fcdlich des Berghangs befindet sich eine relativ schmale Niederung, das sogenannte Donaufeld (Dunamez\u0151). In der Mitte dieser Niederung, etwa 1 km entfernt, erhebt sich im hohen Donauvorland ein H\u00fcgel, der nach dem darauf stehenden Holzkreuz Kereszt-domb (Kreuzberg) genannt wird. Auf der Donauseite des H\u00fcgels ragen r\u00f6mische Mauerbl\u00f6cke hervor, deren Ruinen der \u00dcberlieferung nach als \"R\u00e9gi h\u00eddf\u0151\" (\"Alter Br\u00fcckenkopf\") registriert wurden.<\/span><\/span><\/p>\n<p>E<\/p>\n<p align=\"justify\"><span style=\"font-family: Times New Roman, serif;\"><span style=\"font-size: medium;\">An diesem pr\u00e4historischen Ort wurde die sp\u00e4tr\u00f6mische Festung errichtet, deren Ruinen unter dem Kreuzberg verborgen sind. Die Ergebnisse der 1934 durchgef\u00fchrten Ausgrabungen und Konservierungsarbeiten sind noch heute an den Mauerbl\u00f6cken zu erkennen. H\u00f6chstwahrscheinlich stammen die Ruinen von dem riesigen, 23 Meter langen Kastell, das Kaiser Valentinus errichten lie\u00df, das eine rechteckige Form hat und dessen L\u00e4ngsseite parallel zur Donau verl\u00e4uft. Im Laufe der Jahrhunderte haben Hochwasser und Eis die Mauern, die unten 320 Zentimeter und oben 280 Zentimeter breit sind, an der L\u00e4ngsseite zur Donau hin in monumentale Bl\u00f6cke zerrissen.<\/span><\/span><\/p>\n<p>R<\/p>\n<p align=\"justify\"><span style=\"font-family: Times New Roman, serif;\"><span style=\"font-size: medium;\">Der ungarische Abschnitt des Donaulimes gilt als herausragendes Denkmal r\u00f6mischer Milit\u00e4rarchitektur und grenzsichernder strategischer Konzeption, das \u00fcber 400 Jahre lang in Betrieb war und einen sehr wichtigen Faktor bei der Verbreitung der antiken griechisch-r\u00f6mischen materiellen und geistigen Kultur, der Handelswaren, der Technologien und des religi\u00f6sen Denkens innerhalb des Reiches und auch in Richtung Barbaricum darstellte. Es ist Zeuge der milit\u00e4rischen Aktionen und politischen Prozesse, die die Geschichte des gesamten R\u00f6mischen Reiches bestimmen. Die Bewerbung von 4 L\u00e4ndern im Januar 2019 umfasst 98 St\u00e4tten im Donautal auf einer Strecke von etwa 1000 Kilometern, von denen 65 in Ungarn liegen. Das Gebiet des heutigen Transdanubien war mehrere Jahrhunderte lang Teil des R\u00f6mischen Reiches. Die nat\u00fcrliche Grenze Pannoniens war die Donau. Das System der an den Ufern der Donau errichteten Befestigungen und Wacht\u00fcrme bzw. das dort in gro\u00dfer Zahl stationierte Milit\u00e4r diente dem Schutz der Provinz.<\/span><\/span><\/p>\n<p>\u0150<\/p>\n<p align=\"justify\"><span style=\"font-family: Times New Roman, serif;\"><span style=\"font-size: medium;\">Rom hat sich in die Hose gemacht. Ein ausgedehntes Schutzsystem durchzog ganz Europa und trennte eine der gr\u00f6\u00dften Zivilisationen der Zeit von den Barbaren, aber dieses System ist nicht mit der Chinesischen Mauer zu vergleichen, da es als Grenze fungierte und vor R\u00e4ubern, Dieben und Schmugglern sch\u00fctzte. Eine schnelle Truppe mit Pferden unterst\u00fctzte die kleine Milit\u00e4rgruppe in den Wacht\u00fcrmen, und entlang der Fl\u00fcsse sch\u00fctzte der Wasserlimes mit seinen vielen Wacht\u00fcrmen das Reich. <\/span><\/span><\/p>\n<p align=\"justify\"><span style=\"font-family: Times New Roman, serif;\"><span style=\"font-size: medium;\">Pannonien war einer der verwundbarsten Punkte des Reiches. Es gab zwei wichtige Grenzabschnitte: das Donauknie und die Insel Szentendre, wo eine Furt den Fluss \u00fcberquerte. <\/span><\/span><\/p>\n<p align=\"justify\"><span style=\"font-family: Times New Roman, serif;\"><span style=\"font-size: medium;\">Das Ziel des Kaisers war es, den Limes in diesen Gebieten zu befestigen, um sie vor den benachbarten V\u00f6lkern, den Sarmaten und den Quaden zu sch\u00fctzen.<\/span><\/span><\/p>\n<p>C<\/p>\n<p align=\"justify\"><span style=\"font-family: Times New Roman, serif;\"><span style=\"font-size: medium;\">Schifffahrt und Wasser waren auf dem gesamten Reichsgebiet von strategischer Bedeutung. Um klares und gesundes Wasser zu sichern, investierten die R\u00f6mer erheblich in den Bau und errichteten monumentale Ingenieurbauwerke, um das klare Wasser von der Quelle bis zur Verbrauchsstelle zu transportieren. An der Verwendungsstelle wurde das Quellwasser au\u00dferhalb des Trinkwassers zum Waschen und Heizen verwendet. Die vorgestellte Ruine steht auf der betr\u00e4chtlichen Wasserbasis des heutigen Donauknies, so dass der Vergleich von gro\u00dfer Bedeutung ist und die Ver\u00e4nderungen in der Wassernutzung in den letzten 2000 Jahren aufzeigt. Dies wurde mit der Wasserausstellung des XXI.<\/span><\/span><\/p>\n<p>E<\/p>\n<p align=\"justify\"><span style=\"font-family: Times New Roman, serif;\"><span style=\"font-size: medium;\">Das Donauknie wird mit einem neuen touristischen Angebot mehr Touristen nach Ver\u0151ce locken und diesen r\u00f6mischen Limes zu einem guten Ausgangspunkt f\u00fcr Fu\u00dfg\u00e4nger und Radfahrer machen. Die N\u00e4he des wiederer\u00f6ffneten Hafens und der dorthin f\u00fchrende Lehrpfad k\u00f6nnen den Touristen eine einfache und bequeme Anreise nach Ver\u0151ce mit dem Schiff oder der Bahn gew\u00e4hrleisten, w\u00e4hrend der Fahrradverleih ihnen die M\u00f6glichkeit bietet, andere sch\u00f6ne Erlebnisse ohne ihr eigenes Fahrrad zu genie\u00dfen. <\/span><\/span><\/p>","protected":false},"excerpt":{"rendered":"<p>V In der n\u00f6rdlichen Seite des V\u00e1cer Donauknies, unmittelbar am linken Ufer des Flu\u00dfes liegt N\u00f3gr\u00e1dver\u0151ce. Der H\u00f6henr\u00fccken des Wei\u00df-Berges (Feh\u00e9r-hegy) im Osten l\u00e4uft parallel mit der Donau. S\u00fcdlich vom&#8230;<\/p>","protected":false},"author":1,"featured_media":0,"parent":0,"menu_order":0,"comment_status":"closed","ping_status":"closed","template":"","meta":{"footnotes":""},"class_list":["post-534","page","type-page","status-publish"],"_links":{"self":[{"href":"https:\/\/verocelimes.hu\/de\/wp-json\/wp\/v2\/pages\/534","targetHints":{"allow":["GET"]}}],"collection":[{"href":"https:\/\/verocelimes.hu\/de\/wp-json\/wp\/v2\/pages"}],"about":[{"href":"https:\/\/verocelimes.hu\/de\/wp-json\/wp\/v2\/types\/page"}],"author":[{"embeddable":true,"href":"https:\/\/verocelimes.hu\/de\/wp-json\/wp\/v2\/users\/1"}],"replies":[{"embeddable":true,"href":"https:\/\/verocelimes.hu\/de\/wp-json\/wp\/v2\/comments?post=534"}],"version-history":[{"count":2,"href":"https:\/\/verocelimes.hu\/de\/wp-json\/wp\/v2\/pages\/534\/revisions"}],"predecessor-version":[{"id":536,"href":"https:\/\/verocelimes.hu\/de\/wp-json\/wp\/v2\/pages\/534\/revisions\/536"}],"wp:attachment":[{"href":"https:\/\/verocelimes.hu\/de\/wp-json\/wp\/v2\/media?parent=534"}],"curies":[{"name":"wp","href":"https:\/\/api.w.org\/{rel}","templated":true}]}}