{"id":337,"date":"2022-12-23T12:06:38","date_gmt":"2022-12-23T12:06:38","guid":{"rendered":"https:\/\/verocelimes.hu\/?page_id=337"},"modified":"2026-04-21T11:14:13","modified_gmt":"2026-04-21T11:14:13","slug":"megkozelites-es-nyitvatartas","status":"publish","type":"page","link":"https:\/\/verocelimes.hu\/en\/megkozelites-es-nyitvatartas\/","title":{"rendered":"Directions and opening hours"},"content":{"rendered":"<div id=\"vl-banner\"  data-column-margin=\"default\" data-midnight=\"dark\"  class=\"wpb_row vc_row-fluid vc_row full-width-section\"  style=\"padding-top: 0px; padding-bottom: 0px; \"><div class=\"row-bg-wrap\" data-bg-animation=\"none\" data-bg-overlay=\"false\"><div class=\"inner-wrap using-image\"><div class=\"row-bg viewport-desktop using-image\"  style=\"background-image: url(https:\/\/verocelimes.hu\/wp-content\/uploads\/2022\/03\/banner.jpg); background-position: center center; background-repeat: no-repeat; \"><\/div><\/div><\/div><div class=\"row_col_wrap_12 col span_12 dark left\">\n\t<div  class=\"vc_col-sm-12 wpb_column column_container vc_column_container col no-extra-padding inherit_tablet inherit_phone\"  data-padding-pos=\"all\" data-has-bg-color=\"false\" data-bg-color=\"\" data-bg-opacity=\"1\" data-animation=\"\" data-delay=\"0\" >\n\t\t<div class=\"vc_column-inner\" >\n\t\t\t<div class=\"wpb_wrapper\">\n\t\t\t\t<div id=\"vl-hide\" data-midnight=\"\" data-column-margin=\"default\" class=\"wpb_row vc_row-fluid vc_row inner_row  vc_custom_1702236124505\"  style=\"\"><div class=\"row-bg-wrap\"> <div class=\"row-bg\" ><\/div> <\/div><div class=\"row_col_wrap_12_inner col span_12  left\">\n\t<div  class=\"vc_col-sm-4 wpb_column column_container vc_column_container col child_column no-extra-padding inherit_tablet inherit_phone\"   data-padding-pos=\"all\" data-has-bg-color=\"false\" data-bg-color=\"\" data-bg-opacity=\"1\" data-animation=\"\" data-delay=\"0\" >\n\t\t<div class=\"vc_column-inner\" ><a class=\"column-link\" target=\"_self\" href=\"https:\/\/verocelimes.hu\/en\/\"><\/a>\n\t\t<div class=\"wpb_wrapper\">\n\t\t\t\n<div class=\"wpb_text_column wpb_content_element  vc_custom_1671737485212 vl-logo\" >\n\t<div class=\"wpb_wrapper\">\n\t\t<p><a href=\"https:\/\/verocelimes.hu\/en\/\"><img loading=\"lazy\" decoding=\"async\" class=\"alignnone size-full wp-image-188\" src=\"http:\/\/verocelimes.hu\/wp-content\/uploads\/2022\/04\/logo.jpg\" alt=\"\" width=\"113\" height=\"63\" \/><\/a><\/p>\n<p><span id=\"vl-logo-title\">Limes heritage<\/span><span id=\"vl-logo-subtitle\">Solva 38 Roman watchtower<\/span><\/p>\n\t<\/div>\n<\/div>\n\n\n\n\n\t\t<\/div> \n\t<\/div>\n\t<\/div> \n\n\t<div  class=\"vc_col-sm-8 wpb_column column_container vc_column_container col child_column no-extra-padding inherit_tablet inherit_phone\"   data-padding-pos=\"all\" data-has-bg-color=\"false\" data-bg-color=\"\" data-bg-opacity=\"1\" data-animation=\"\" data-delay=\"0\" >\n\t\t<div class=\"vc_column-inner\" >\n\t\t<div class=\"wpb_wrapper\">\n\t\t\t\n<div class=\"wpb_text_column wpb_content_element  vl-top-menu\" >\n\t<div class=\"wpb_wrapper\">\n\t\t<p><a href=\"https:\/\/verocelimes.hu\/en\/fedezzuk-fel-veroce-romai-multjat-keso-romai-kikotoerod-a-duna-partjan\/\">LIMES<\/a> <a href=\"https:\/\/verocelimes.hu\/en\/vissza-a-romai-korba-setany-es-tanosveny-a-diofak-alatt\/\">Playground and walkway<\/a> <a href=\"https:\/\/verocelimes.hu\/en\/ismerjuk-meg-a-duna-kanyar-romai-hatarvedelmet-kiallitas-a-regi-trafohazban\/\">Exhibition<\/a> <a href=\"https:\/\/verocelimes.hu\/en\/megkozelites\/\">Approach<\/a> <a href=\"https:\/\/verocelimes.hu\/en\/limes-halozat\/\">Limes network<\/a><\/p>\n\t<\/div>\n<\/div>\n\n\n\n\n\t\t<\/div> \n\t<\/div>\n\t<\/div> \n<\/div><\/div>\n\t\t\t<\/div> \n\t\t<\/div>\n\t<\/div> \n<\/div><\/div>\n\t\t<div id=\"fws_69f1f95d60c09\"  data-column-margin=\"default\" data-midnight=\"dark\"  class=\"wpb_row vc_row-fluid vc_row\"  style=\"padding-top: 0px; padding-bottom: 0px; \"><div class=\"row-bg-wrap\" data-bg-animation=\"none\" data-bg-overlay=\"false\"><div class=\"inner-wrap\"><div class=\"row-bg viewport-desktop\"  style=\"\"><\/div><\/div><\/div><div class=\"row_col_wrap_12 col span_12 dark left\">\n\t<div  class=\"vc_col-sm-12 wpb_column column_container vc_column_container col no-extra-padding inherit_tablet inherit_phone\"  data-padding-pos=\"all\" data-has-bg-color=\"false\" data-bg-color=\"\" data-bg-opacity=\"1\" data-animation=\"\" data-delay=\"0\" >\n\t\t<div class=\"vc_column-inner\" >\n\t\t\t<div class=\"wpb_wrapper\">\n\t\t\t\t<div id=\"fws_69f1f95d6110d\" data-midnight=\"\" data-column-margin=\"default\" class=\"wpb_row vc_row-fluid vc_row inner_row\"  style=\"\"><div class=\"row-bg-wrap\"> <div class=\"row-bg\" ><\/div> <\/div><div class=\"row_col_wrap_12_inner col span_12  left\">\n\t<div  class=\"vc_col-sm-12 wpb_column column_container vc_column_container col child_column no-extra-padding inherit_tablet inherit_phone\"   data-padding-pos=\"all\" data-has-bg-color=\"false\" data-bg-color=\"\" data-bg-opacity=\"1\" data-animation=\"\" data-delay=\"0\" >\n\t\t<div class=\"vc_column-inner\" >\n\t\t<div class=\"wpb_wrapper\">\n\t\t\t\n\t\t<\/div> \n\t<\/div>\n\t<\/div> \n<\/div><\/div>\n<div class=\"wpb_text_column wpb_content_element\" >\n\t<div class=\"wpb_wrapper\">\n\t\t<h3 dir=\"ltr\">Approach options:<\/h3>\n<p>&nbsp;<\/p>\n<p dir=\"ltr\">The Solva 38 Roman Watchtower is located next to highway 12 in front of the Ver\u0151ce settlement. Visitors arriving by car can use the parking lots next to the road. The branching off of highway 12 from the direction of Budapest on highway 2 or the M2 expressway is the shortest. The latter is a toll road section, so a Pest County sticker or a valid highway sticker is required to use it.<\/p>\n<p dir=\"ltr\">Guests arriving by train and boat from Ver\u0151ce can use the promenade to reach the area of the Watchtower.<\/p>\n<p dir=\"ltr\">Vol\u00e1nbusz's scheduled services stop right in front of the Watchtower, making it a great alternative for those who don't want to use the promenade.<\/p>\n<h3 dir=\"ltr\"><\/h3>\n<h3 dir=\"ltr\"><\/h3>\n<p>&nbsp;<\/p>\n<h3 dir=\"ltr\"><strong>Opening hours:<\/strong><\/h3>\n<p>Szerda-cs\u00fct\u00f6rt\u00f6k-p\u00e9ntek-<wbr \/>szombat-vas\u00e1rnap 9.00-12.00 \u00f3r\u00e1ig. M\u00e1s id\u0151pontban el\u0151zetes bejelentkez\u00e9ssel l\u00e1togathat\u00f3 a LIMES\u2013 SOLVA 38 M\u00fazeum. Bejelentkezni 72 \u00f3r\u00e1val a l\u00e1togat\u00e1s el\u0151tt a +36 30 717 7206-os vagy a +3627350033-as telefonsz\u00e1mon lehet.<\/p>\n<p>&nbsp;<\/p>\n<p><strong>Ticket prices:<\/strong><\/p>\n<ul>\n<li>Free for children under 6 years old<\/li>\n<li>6-18 years old 400 HUF\/person<\/li>\n<li>For those over 18 years old 800 HUF\/person<\/li>\n<\/ul>\n<p>The guided tour is free!<\/p>\n<p>The LIMES park and watchtower can be visited at any time, without prior registration, and free of charge.<\/p>\n\t<\/div>\n<\/div>\n\n\n\n\n\t\t\t<\/div> \n\t\t<\/div>\n\t<\/div> \n<\/div><\/div>\n\t\t<div id=\"fws_69f1f95d61a27\"  data-column-margin=\"default\" data-midnight=\"dark\"  class=\"wpb_row vc_row-fluid vc_row full-width-content vc_row-o-equal-height vc_row-flex vc_row-o-content-top\"  style=\"padding-top: 0px; padding-bottom: 0px; \"><div class=\"row-bg-wrap\" data-bg-animation=\"none\" data-bg-overlay=\"false\"><div class=\"inner-wrap\"><div class=\"row-bg viewport-desktop using-bg-color\"  style=\"background-color: #363636; \"><\/div><\/div><\/div><div class=\"row_col_wrap_12 col span_12 dark left\">\n\t<div  class=\"vc_col-sm-3 wpb_column column_container vc_column_container col no-extra-padding inherit_tablet inherit_phone\"  data-padding-pos=\"all\" data-has-bg-color=\"false\" data-bg-color=\"\" data-bg-opacity=\"1\" data-animation=\"\" data-delay=\"0\" >\n\t\t<div class=\"vc_column-inner\" >\n\t\t\t<div class=\"wpb_wrapper\">\n\t\t\t\t\n\t\t\t<\/div> \n\t\t<\/div>\n\t<\/div> \n\n\t<div  class=\"vc_col-sm-3 wpb_column column_container vc_column_container col no-extra-padding inherit_tablet inherit_phone\"  data-padding-pos=\"all\" data-has-bg-color=\"false\" data-bg-color=\"\" data-bg-opacity=\"1\" data-animation=\"\" data-delay=\"0\" >\n\t\t<div class=\"vc_column-inner\" >\n\t\t\t<div class=\"wpb_wrapper\">\n\t\t\t\t\n<div class=\"wpb_text_column wpb_content_element  vc_custom_1709108844384 vl-footer-links\" >\n\t<div class=\"wpb_wrapper\">\n\t\t<p><a href=\"https:\/\/verocelimes.hu\/en\/fedezzuk-fel-veroce-romai-multjat-keso-romai-kikotoerod-a-duna-partjan\/\">Limes<\/a><br \/>\n<a href=\"https:\/\/verocelimes.hu\/en\/vissza-a-romai-korba-setany-es-tanosveny-a-diofak-alatt\/\">Playground and walkway<\/a><br \/>\n<a href=\"https:\/\/verocelimes.hu\/en\/ismerjuk-meg-a-duna-kanyar-romai-hatarvedelmet-kiallitas-a-regi-trafohazban\/\">Exhibition<\/a><br \/>\n<a href=\"https:\/\/verocelimes.hu\/en\/megkozelites\/\">Approach<\/a><br \/>\n<a href=\"https:\/\/verocelimes.hu\/en\/limes-halozat\/\">Limes network<\/a><br \/>\n<a href=\"https:\/\/verocelimes.hu\/en\/adatkezelesi-tajekoztato\/\">Data processing information<\/a><\/p>\n\t<\/div>\n<\/div>\n\n\n\n\n\t\t\t<\/div> \n\t\t<\/div>\n\t<\/div> \n\n\t<div  class=\"vc_col-sm-3 wpb_column column_container vc_column_container col no-extra-padding inherit_tablet inherit_phone\"  data-padding-pos=\"all\" data-has-bg-color=\"false\" data-bg-color=\"\" data-bg-opacity=\"1\" data-animation=\"\" data-delay=\"0\" >\n\t\t<div class=\"vc_column-inner\" >\n\t\t\t<div class=\"wpb_wrapper\">\n\t\t\t\t\n\t\t\t<\/div> \n\t\t<\/div>\n\t<\/div> \n\n\t<div  class=\"vc_col-sm-3 wpb_column column_container vc_column_container col no-extra-padding inherit_tablet inherit_phone\"  data-padding-pos=\"all\" data-has-bg-color=\"false\" data-bg-color=\"\" data-bg-opacity=\"1\" data-animation=\"\" data-delay=\"0\" >\n\t\t<div class=\"vc_column-inner\" >\n\t\t\t<div class=\"wpb_wrapper\">\n\t\t\t\t\n<div class=\"wpb_text_column wpb_content_element  vc_custom_1648994755287 vl-footer-copyright\" >\n\t<div class=\"wpb_wrapper\">\n\t\t<p>\u00a9 2022 Limes heritage<\/p>\n\t<\/div>\n<\/div>\n\n\n\n\n\t\t\t<\/div> \n\t\t<\/div>\n\t<\/div> \n<\/div><\/div>","protected":false},"excerpt":{"rendered":"Limes HeritageSolva 38 Roman watchtower LIMES Playground and promenade Exhibition Getting there Limes network Getting there Access options: the Solva 38 Roman watchtower is located on the main road 12, just before the village of Ver\u0151ce. A...","protected":false},"author":1,"featured_media":0,"parent":0,"menu_order":0,"comment_status":"closed","ping_status":"closed","template":"","meta":{"footnotes":""},"class_list":["post-337","page","type-page","status-publish"],"_links":{"self":[{"href":"https:\/\/verocelimes.hu\/en\/wp-json\/wp\/v2\/pages\/337","targetHints":{"allow":["GET"]}}],"collection":[{"href":"https:\/\/verocelimes.hu\/en\/wp-json\/wp\/v2\/pages"}],"about":[{"href":"https:\/\/verocelimes.hu\/en\/wp-json\/wp\/v2\/types\/page"}],"author":[{"embeddable":true,"href":"https:\/\/verocelimes.hu\/en\/wp-json\/wp\/v2\/users\/1"}],"replies":[{"embeddable":true,"href":"https:\/\/verocelimes.hu\/en\/wp-json\/wp\/v2\/comments?post=337"}],"version-history":[{"count":24,"href":"https:\/\/verocelimes.hu\/en\/wp-json\/wp\/v2\/pages\/337\/revisions"}],"predecessor-version":[{"id":591,"href":"https:\/\/verocelimes.hu\/en\/wp-json\/wp\/v2\/pages\/337\/revisions\/591"}],"wp:attachment":[{"href":"https:\/\/verocelimes.hu\/en\/wp-json\/wp\/v2\/media?parent=337"}],"curies":[{"name":"wp","href":"https:\/\/api.w.org\/{rel}","templated":true}]}}